{"id":320,"date":"2024-08-04T16:21:14","date_gmt":"2024-08-04T16:21:14","guid":{"rendered":"https:\/\/biologenherdla.no\/?page_id=320"},"modified":"2025-12-01T14:17:38","modified_gmt":"2025-12-01T14:17:38","slug":"transport","status":"publish","type":"page","link":"https:\/\/biologenherdla.no\/nl\/transport\/","title":{"rendered":"Transport"},"content":{"rendered":"<div class=\"grve-section grve-row-section grve-fullwidth grve-bg-none grve-custom-height grve-middle-content\"><div class=\"grve-container\"><div class=\"grve-row grve-bookmark grve-columns-gap-none\"><div class=\"grve-column wpb_column grve-column-1-2\" ><div class=\"grve-column-wrapper vc_custom_1732197325338 h400\" ><\/div><\/div><div class=\"grve-column wpb_column grve-column-1-2 grve-parallax-effect\"  data-parallax-effect=\"vertical-parallax\" data-sensitive=\"low\" data-limit=\"none\" data-invert=\"true\" data-tablet-portrait-parallax-effect=\"none\" data-mobile-parallax-effect=\"none\"><div class=\"grve-column-wrapper vc_custom_1723448699040\" ><h1 class=\"grve-element grve-title grve-align-left grve-animated-item grve-duration-very-slow grve-fade-in-right grve-h1\" style=\"\" data-delay=\"200\"><span>Vervoer naar Herdla<\/span><\/h1><h3 class=\"grve-element grve-title grve-align-left grve-animated-item grve-duration-very-slow grve-fade-in-right grve-h5\" style=\"\" data-delay=\"400\"><span>Biologen Herdla, waar modern comfort en historische charme samenkomen.<\/span><\/h3><div class=\"grve-empty-space grve-height-1x\" style=\"\"><\/div><div class=\"grve-element grve-text grve-animated-item grve-fade-in-right grve-duration-very-slow\" data-delay=\"600\">\r\n\t\t\t<h6 data-start=\"61\" data-end=\"101\">Belangrijke informatie over de Herdlabroen:<\/h6>\n<p data-start=\"102\" data-end=\"410\">De Herdlabroen is de enige wegverbinding naar Herdla en het is daarom belangrijk om rekening te houden met de openingstijden. De brug is gesloten voor autoverkeer om 23:15 uur van zondag tot en met donderdag, om 02:30 uur op vrijdag, terwijl zij op zaterdag en zondag de hele dag en nacht open blijft. Deze tijden zijn van toepassing van augustus 2025 tot juli 2026.<\/p>\n\r\n\t\t<\/div>\r\n\t<div class=\"grve-empty-space grve-height-1x\" style=\"\"><\/div><\/div><\/div><\/div><\/div><div class=\"grve-background-wrapper\"><\/div><\/div><div class=\"grve-section grve-row-section grve-fullwidth grve-bg-none grve-custom-height grve-equal-column\"><div class=\"grve-container\"><div class=\"grve-row grve-bookmark grve-columns-gap-none\"><div class=\"grve-column wpb_column grve-column-1-2 grve-tablet-sm-column-hide grve-parallax-effect\"  data-parallax-effect=\"vertical-parallax\" data-sensitive=\"low\" data-limit=\"none\" data-invert=\"false\" data-tablet-portrait-parallax-effect=\"none\" data-mobile-parallax-effect=\"none\"><div class=\"grve-column-wrapper vc_custom_1724932888250 grve-flex grve-flex-position-middle\" ><div class=\"grve-column-content\"><style type=\"text\/css\">.grve-title-gradient.grve-title-69f082ed3e850 > span,.grve-title-gradient.grve-title-69f082ed3e850 .grve-clipping-content > span {color: #00556f;background-image: -moz-linear-gradient(-45deg, #00556f 0%, #00556f 100%);background-image: -webkit-linear-gradient(-45deg, #00556f 0%, #00556f 100%);background-image: linear-gradient(135deg, #00556f 0%, #00556f 100%);}<\/style><h2 class=\"grve-element grve-title grve-align-left grve-animated-item grve-duration-very-slow grve-fade-in-left grve-h2 grve-title-gradient grve-title-69f082ed3e850\" style=\"\" data-delay=\"200\"><span>Met de auto<\/span><\/h2><div class=\"grve-element grve-text grve-animated-item grve-fade-in-left grve-duration-very-slow\" data-delay=\"400\">\r\n\t\t\t<p>De reis naar Herdla duurt ongeveer 45 minuten met de auto vanaf het centrum van Bergen. Volg de Rv 555 naar Storavatnet en sla vervolgens af richting Ask\u00f8y. Na ongeveer 27 km over de Fv 562 steek je de brug over tussen Ask\u00f8y en Herdla. Volg de Fv 562 helemaal naar Biologen.<\/p>\n<p>Vanaf Bergen Airport Flesland is het 45 km naar Herdla. Rijd vanaf de luchthavenweg naar de Rv580, vervolg via Fyllingsdalsveien en volg vervolgens Sotraveien over de Ask\u00f8y-brug. Rijd daarna de Fv 562 helemaal door naar Biologen.<\/p>\n<p>Het hotel beschikt over parkeergelegenheid voor gasten.<\/p>\n\r\n\t\t<\/div>\r\n\t<\/div><\/div><\/div><div class=\"grve-column wpb_column grve-column-1-2 grve-tablet-sm-column-1-2\" ><div class=\"grve-column-wrapper vc_custom_1724932205678 h400\" ><\/div><\/div><\/div><\/div><div class=\"grve-background-wrapper\"><\/div><\/div><div class=\"grve-section grve-row-section grve-fullwidth grve-bg-none grve-custom-height grve-equal-column\"  style=\"background-color:#00556f;\"><div class=\"grve-container\"><div class=\"grve-row grve-bookmark grve-columns-gap-none\"><div class=\"grve-column wpb_column grve-column-1-2 grve-tablet-column-hide grve-tablet-sm-column-hide grve-mobile-column-hide\" ><div class=\"grve-column-wrapper vc_custom_1724932255263\" ><\/div><\/div><div class=\"grve-column wpb_column grve-column-1-2 grve-tablet-sm-column-hide grve-parallax-effect\"  data-parallax-effect=\"vertical-parallax\" data-sensitive=\"low\" data-limit=\"none\" data-invert=\"false\" data-tablet-portrait-parallax-effect=\"none\" data-mobile-parallax-effect=\"none\"><div class=\"grve-column-wrapper vc_custom_1724932881907 grve-flex grve-flex-position-middle\" ><div class=\"grve-column-content\"><style type=\"text\/css\">.grve-title-gradient.grve-title-69f082ed3ebef > span,.grve-title-gradient.grve-title-69f082ed3ebef .grve-clipping-content > span {color: #00556f;background-image: -moz-linear-gradient(-45deg, #00556f 0%, #00556f 100%);background-image: -webkit-linear-gradient(-45deg, #00556f 0%, #00556f 100%);background-image: linear-gradient(135deg, #00556f 0%, #00556f 100%);}<\/style><h2 class=\"grve-element grve-title grve-align-left grve-animated-item grve-duration-very-slow grve-fade-in-right grve-h2 grve-title-gradient grve-title-69f082ed3ebef\" style=\"\" data-delay=\"200\"><span>Met de bus<\/span><\/h2><div class=\"grve-element grve-text grve-animated-item grve-fade-in-right grve-duration-very-slow\" data-delay=\"200\">\r\n\t\t\t<p class=\"translation-block\">Je kunt Herdla ook bereiken met bus nummer 499, die vertrekt vanaf het Busstation en ongeveer een uur duurt. Stap in op het Busstation, perron <strong>F<\/strong>, direct naast het spoor van de stadstram. Vanaf de eindhalte is het slechts 2 minuten lopen naar Biologen.<\/p>\n\r\n\t\t<\/div>\r\n\t<div class=\"grve-empty-space grve-height-1x\" style=\"\"><\/div><div class=\"grve-element grve-align-left grve-animated-item grve-fade-in-right grve-duration-very-slow\" data-delay=\"800\"><a href=\"https:\/\/reise.skyss.no\/planner\/travel-plans?timetype=DEPARTURE&#038;ts=2024-08-29T12:59:34Z&#038;service-modes=airportbus,bus,carferry,expressbus,others,passengerboat,train,tram&#038;min-transfer=2&#038;walk-speed=normal&#038;from=eyJkZXNjIjoiQmVyZ2VuIGJ1c3N0YXNqb24sIEJlcmdlbiIsImlkIjoiTlNSOlN0b3BQbGFjZTo2MjM1NiIsImxvYyI6IjYwLjM4ODEwNiw1LjMzNDYwOCIsIm1vZGVzIjpbIkJ1cyIsIkxpZ2h0IHJhaWwiLCJMaWdodCByYWlsIl0sInR5cGUiOiJzdG9wZ3JvdXAifQ%3D%3D&#038;to=eyJkZXNjIjoiSGVyZGxhLCBBc2vDuHkiLCJpZCI6Ik5TUjpTdG9wUGxhY2U6MzI4NTMiLCJsb2MiOiI2MC41NjU5NzEsNC45NTQzMTEiLCJtb2RlcyI6WyJCdXMiXSwidHlwZSI6InN0b3Bncm91cCJ9\" title=\"Waar verblijven\" target=\"_blank\" rel=\"noopener noreferrer\" class=\"grve-btn grve-btn-medium grve-square grve-bg-primary-1 grve-bg-hover-primary-1 grve-btn-line\"><span>Bekijk de busroute<\/span><\/a><\/div><\/div><\/div><\/div><\/div><\/div><div class=\"grve-background-wrapper\"><\/div><\/div><div class=\"grve-section grve-row-section grve-fullwidth grve-bg-none grve-custom-height grve-equal-column\"><div class=\"grve-container\"><div class=\"grve-row grve-bookmark grve-columns-gap-none\"><div class=\"grve-column wpb_column grve-column-1-2 grve-tablet-sm-column-hide grve-parallax-effect\"  data-parallax-effect=\"vertical-parallax\" data-sensitive=\"low\" data-limit=\"none\" data-invert=\"false\" data-tablet-portrait-parallax-effect=\"none\" data-mobile-parallax-effect=\"none\"><div class=\"grve-column-wrapper vc_custom_1724932854193 grve-flex grve-flex-position-middle\" ><div class=\"grve-column-content\"><style type=\"text\/css\">.grve-title-gradient.grve-title-69f082ed3ede2 > span,.grve-title-gradient.grve-title-69f082ed3ede2 .grve-clipping-content > span {color: #00556f;background-image: -moz-linear-gradient(-45deg, #00556f 0%, #00556f 100%);background-image: -webkit-linear-gradient(-45deg, #00556f 0%, #00556f 100%);background-image: linear-gradient(135deg, #00556f 0%, #00556f 100%);}<\/style><h2 class=\"grve-element grve-title grve-align-left grve-animated-item grve-duration-very-slow grve-fade-in-left grve-h2 grve-title-gradient grve-title-69f082ed3ede2\" style=\"\" data-delay=\"200\"><span>Met de boot<\/span><\/h2><div class=\"grve-element grve-text grve-animated-item grve-fade-in-left grve-duration-very-slow\" data-delay=\"200\">\r\n\t\t\t<p>Vi har egen brygge hvor du kan legge til dersom du kommer med b\u00e5t. Bryggen stenges i vintersesong. Her er det en dybde p\u00e5 3 meter og hvor stor b\u00e5t som kan legge til avhenger av v\u00e6r og vind, ved flatt hav kan vi ta imot b\u00e5ter p\u00e5 opptil 80 fot. Det er ogs\u00e5 en offentlig kai i Herdlev\u00e5gen. Turen med b\u00e5t fra Bergen til Herdla tar ca en time.<\/p>\n<p>Als je voldoende tijd hebt, raden we aan om met een oude boot naar ons toe te reizen; de tocht duurt ongeveer 2 uur.<\/p>\n<p>Wij werken samen met \u00d8ygarden Opplevelser en Maritime Tours, die zowel vervoer als diverse activiteiten kunnen regelen.<\/p>\n\r\n\t\t<\/div>\r\n\t<\/div><\/div><\/div><div class=\"grve-column wpb_column grve-column-1-2 grve-tablet-sm-column-1-2\" ><div class=\"grve-column-wrapper vc_custom_1724932227262 h400\" ><\/div><\/div><\/div><\/div><div class=\"grve-background-wrapper\"><\/div><\/div>","protected":false},"excerpt":{"rendered":"Transport til HerdlaBiologen Herdla, hvor moderne komfort m\u00f8ter historisk sjarm. Viktig informasjon om Herdlabroen: Herdlabroen er den eneste veiforbindelsen til Herdla, og det er derfor viktig \u00e5 v\u00e6re oppmerksom p\u00e5 [...]","protected":false},"author":124,"featured_media":0,"parent":0,"menu_order":0,"comment_status":"closed","ping_status":"closed","template":"","meta":{"footnotes":""},"class_list":["post-320","page","type-page","status-publish","hentry"],"yoast_head":"<!-- This site is optimized with the Yoast SEO plugin v27.3 - https:\/\/yoast.com\/product\/yoast-seo-wordpress\/ -->\n<title>Transport - Biologen Herdla<\/title>\n<meta name=\"robots\" content=\"index, follow, max-snippet:-1, max-image-preview:large, max-video-preview:-1\" \/>\n<link rel=\"canonical\" href=\"https:\/\/biologenherdla.no\/nl\/transport\/\" \/>\n<meta property=\"og:locale\" content=\"nl_NL\" \/>\n<meta property=\"og:type\" content=\"article\" \/>\n<meta property=\"og:title\" content=\"Transport - Biologen Herdla\" \/>\n<meta property=\"og:url\" content=\"https:\/\/biologenherdla.no\/nl\/transport\/\" \/>\n<meta property=\"og:site_name\" content=\"Biologen Herdla\" \/>\n<meta property=\"article:publisher\" content=\"https:\/\/www.facebook.com\/biologenherdla\" \/>\n<meta property=\"article:modified_time\" content=\"2025-12-01T14:17:38+00:00\" \/>\n<meta name=\"twitter:card\" content=\"summary_large_image\" \/>\n<meta name=\"twitter:label1\" content=\"Est. reading time\" \/>\n\t<meta name=\"twitter:data1\" content=\"3 minuten\" \/>\n<script type=\"application\/ld+json\" class=\"yoast-schema-graph\">{\"@context\":\"https:\\\/\\\/schema.org\",\"@graph\":[{\"@type\":\"WebPage\",\"@id\":\"https:\\\/\\\/biologenherdla.no\\\/transport\\\/\",\"url\":\"https:\\\/\\\/biologenherdla.no\\\/transport\\\/\",\"name\":\"Transport - Biologen Herdla\",\"isPartOf\":{\"@id\":\"https:\\\/\\\/biologenherdla.no\\\/#website\"},\"datePublished\":\"2024-08-04T16:21:14+00:00\",\"dateModified\":\"2025-12-01T14:17:38+00:00\",\"breadcrumb\":{\"@id\":\"https:\\\/\\\/biologenherdla.no\\\/transport\\\/#breadcrumb\"},\"inLanguage\":\"nl-NL\",\"potentialAction\":[{\"@type\":\"ReadAction\",\"target\":[\"https:\\\/\\\/biologenherdla.no\\\/transport\\\/\"]}]},{\"@type\":\"BreadcrumbList\",\"@id\":\"https:\\\/\\\/biologenherdla.no\\\/transport\\\/#breadcrumb\",\"itemListElement\":[{\"@type\":\"ListItem\",\"position\":1,\"name\":\"Home\",\"item\":\"https:\\\/\\\/biologenherdla.no\\\/\"},{\"@type\":\"ListItem\",\"position\":2,\"name\":\"Transport\"}]},{\"@type\":\"WebSite\",\"@id\":\"https:\\\/\\\/biologenherdla.no\\\/#website\",\"url\":\"https:\\\/\\\/biologenherdla.no\\\/\",\"name\":\"Biologen Herdla\",\"description\":\"Biologen Herdla\",\"publisher\":{\"@id\":\"https:\\\/\\\/biologenherdla.no\\\/#organization\"},\"potentialAction\":[{\"@type\":\"SearchAction\",\"target\":{\"@type\":\"EntryPoint\",\"urlTemplate\":\"https:\\\/\\\/biologenherdla.no\\\/?s={search_term_string}\"},\"query-input\":{\"@type\":\"PropertyValueSpecification\",\"valueRequired\":true,\"valueName\":\"search_term_string\"}}],\"inLanguage\":\"nl-NL\"},{\"@type\":\"Organization\",\"@id\":\"https:\\\/\\\/biologenherdla.no\\\/#organization\",\"name\":\"Biologen Herdla\",\"url\":\"https:\\\/\\\/biologenherdla.no\\\/\",\"logo\":{\"@type\":\"ImageObject\",\"inLanguage\":\"nl-NL\",\"@id\":\"https:\\\/\\\/biologenherdla.no\\\/#\\\/schema\\\/logo\\\/image\\\/\",\"url\":\"https:\\\/\\\/biologenherdla.no\\\/wp-content\\\/uploads\\\/2024\\\/08\\\/biologen-logo-kopper-rgb-1544px@72ppi.png\",\"contentUrl\":\"https:\\\/\\\/biologenherdla.no\\\/wp-content\\\/uploads\\\/2024\\\/08\\\/biologen-logo-kopper-rgb-1544px@72ppi.png\",\"width\":1544,\"height\":448,\"caption\":\"Biologen Herdla\"},\"image\":{\"@id\":\"https:\\\/\\\/biologenherdla.no\\\/#\\\/schema\\\/logo\\\/image\\\/\"},\"sameAs\":[\"https:\\\/\\\/www.facebook.com\\\/biologenherdla\",\"https:\\\/\\\/www.instagram.com\\\/biologenherdla\\\/\"]}]}<\/script>\n<!-- \/ Yoast SEO plugin. -->","yoast_head_json":{"title":"Vervoer - Biologen Herdla","robots":{"index":"index","follow":"follow","max-snippet":"max-snippet:-1","max-image-preview":"max-image-preview:large","max-video-preview":"max-video-preview:-1"},"canonical":"https:\/\/biologenherdla.no\/nl\/transport\/","og_locale":"nl_NL","og_type":"article","og_title":"Transport - Biologen Herdla","og_url":"https:\/\/biologenherdla.no\/nl\/transport\/","og_site_name":"Biologen Herdla","article_publisher":"https:\/\/www.facebook.com\/biologenherdla","article_modified_time":"2025-12-01T14:17:38+00:00","twitter_card":"summary_large_image","twitter_misc":{"Est. reading time":"3 minuten"},"schema":{"@context":"https:\/\/schema.org","@graph":[{"@type":"WebPage","@id":"https:\/\/biologenherdla.no\/transport\/","url":"https:\/\/biologenherdla.no\/transport\/","name":"Vervoer - Biologen Herdla","isPartOf":{"@id":"https:\/\/biologenherdla.no\/#website"},"datePublished":"2024-08-04T16:21:14+00:00","dateModified":"2025-12-01T14:17:38+00:00","breadcrumb":{"@id":"https:\/\/biologenherdla.no\/transport\/#breadcrumb"},"inLanguage":"nl-NL","potentialAction":[{"@type":"ReadAction","target":["https:\/\/biologenherdla.no\/transport\/"]}]},{"@type":"BreadcrumbList","@id":"https:\/\/biologenherdla.no\/transport\/#breadcrumb","itemListElement":[{"@type":"ListItem","position":1,"name":"Home","item":"https:\/\/biologenherdla.no\/"},{"@type":"ListItem","position":2,"name":"Transport"}]},{"@type":"WebSite","@id":"https:\/\/biologenherdla.no\/#website","url":"https:\/\/biologenherdla.no\/","name":"Biologen Herdla","description":"Biologen Herdla","publisher":{"@id":"https:\/\/biologenherdla.no\/#organization"},"potentialAction":[{"@type":"SearchAction","target":{"@type":"EntryPoint","urlTemplate":"https:\/\/biologenherdla.no\/?s={search_term_string}"},"query-input":{"@type":"PropertyValueSpecification","valueRequired":true,"valueName":"search_term_string"}}],"inLanguage":"nl-NL"},{"@type":"Organization","@id":"https:\/\/biologenherdla.no\/#organization","name":"Biologen Herdla","url":"https:\/\/biologenherdla.no\/","logo":{"@type":"ImageObject","inLanguage":"nl-NL","@id":"https:\/\/biologenherdla.no\/#\/schema\/logo\/image\/","url":"https:\/\/biologenherdla.no\/wp-content\/uploads\/2024\/08\/biologen-logo-kopper-rgb-1544px@72ppi.png","contentUrl":"https:\/\/biologenherdla.no\/wp-content\/uploads\/2024\/08\/biologen-logo-kopper-rgb-1544px@72ppi.png","width":1544,"height":448,"caption":"Biologen Herdla"},"image":{"@id":"https:\/\/biologenherdla.no\/#\/schema\/logo\/image\/"},"sameAs":["https:\/\/www.facebook.com\/biologenherdla","https:\/\/www.instagram.com\/biologenherdla\/"]}]}},"featured_image_src":null,"featured_image_src_square":null,"jetpack_sharing_enabled":true,"_links":{"self":[{"href":"https:\/\/biologenherdla.no\/nl\/wp-json\/wp\/v2\/pages\/320","targetHints":{"allow":["GET"]}}],"collection":[{"href":"https:\/\/biologenherdla.no\/nl\/wp-json\/wp\/v2\/pages"}],"about":[{"href":"https:\/\/biologenherdla.no\/nl\/wp-json\/wp\/v2\/types\/page"}],"author":[{"embeddable":true,"href":"https:\/\/biologenherdla.no\/nl\/wp-json\/wp\/v2\/users\/124"}],"replies":[{"embeddable":true,"href":"https:\/\/biologenherdla.no\/nl\/wp-json\/wp\/v2\/comments?post=320"}],"version-history":[{"count":0,"href":"https:\/\/biologenherdla.no\/nl\/wp-json\/wp\/v2\/pages\/320\/revisions"}],"wp:attachment":[{"href":"https:\/\/biologenherdla.no\/nl\/wp-json\/wp\/v2\/media?parent=320"}],"curies":[{"name":"wp","href":"https:\/\/api.w.org\/{rel}","templated":true}]}}