{"id":444,"date":"2024-08-06T12:44:31","date_gmt":"2024-08-06T12:44:31","guid":{"rendered":"https:\/\/biologenherdla.no\/?page_id=444"},"modified":"2025-04-02T11:34:50","modified_gmt":"2025-04-02T11:34:50","slug":"oygarden-experiences","status":"publish","type":"page","link":"https:\/\/biologenherdla.no\/en\/oygarden-experiences\/","title":{"rendered":"\u00d8ygarden Experiences"},"content":{"rendered":"<div class=\"grve-section grve-row-section grve-fullwidth grve-bg-none grve-custom-height grve-middle-content\"  style=\"background-color:#f3f3f3;\"><div class=\"grve-container\"><div class=\"grve-row grve-bookmark grve-columns-gap-none\"><div class=\"grve-column wpb_column grve-column-1-2\" ><div class=\"grve-column-wrapper vc_custom_1743593659454 h400\" ><\/div><\/div><div class=\"grve-column wpb_column grve-column-1-2 grve-parallax-effect\"  data-parallax-effect=\"vertical-parallax\" data-sensitive=\"low\" data-limit=\"1x\" data-invert=\"false\" data-tablet-portrait-parallax-effect=\"none\" data-mobile-parallax-effect=\"none\"><div class=\"grve-column-wrapper vc_custom_1724929725553 grve-flex grve-flex-position-middle\" ><div class=\"grve-column-content\"><h1 class=\"grve-element grve-title grve-align-left grve-animated-item grve-duration-very-slow grve-fade-in-right grve-h1\" style=\"\" data-delay=\"1000\"><span>\u00d8ygarden Experiences<\/span><\/h1><h3 class=\"grve-element grve-title grve-align-left grve-animated-item grve-duration-very-slow grve-fade-in-right grve-h5\" style=\"\" data-delay=\"1000\"><span>A coastal paradise filled with spectacular experiences and unforgettable moments.<\/span><\/h3><div class=\"grve-empty-space grve-height-1x\" style=\"\"><\/div><div class=\"grve-element grve-text grve-animated-item grve-fade-in-right grve-duration-very-slow\" data-delay=\"1000\">\r\n\t\t\t<p>RIB is a fast, safe, and very stable vessel, offering great opportunities for rapid and efficient transport. While RIB can be an activity for the daring, most people use RIB in a completely different way. At speeds of 35 to 50 knots, 50 cm above the sea, we give you the \u201ckick\u201d you seek, but we always focus on enjoyment and safety. We operate a 29-foot Raven RIB with 2\u00d7350 HP Mercury engines, reaching a top speed of 68 knots.<\/p>\n<p>This is a wild, beautiful, adrenaline-filled experience you\u2019ll remember for a long time. On our RIB tours, we provide Helly Hansen suits, goggles, safety equipment, and Gecko headgear helmets. It is important to wear good footwear and gloves.<\/p>\n<p>A combination of high speed, beautiful nature, rough seas, and abundant bird life are some of the things you\u2019ll experience from our RIB. The group will enjoy a thrilling ride between islets and skerries towards the open sea via Tur\u00f8y and the Tur\u00f8y channel from our base in Vik, \u00d8ygarden. A safety briefing is conducted before departure.<\/p>\n<p class=\"translation-block\">Sea safaris are leisurely RIB tours conducted in sheltered and calm sea areas. We navigate through the Tur\u00f8y channel, enriched with sandy bottoms, wildlife, boathouse environments, and great opportunities to spot sea eagles. At certain times of the year, you may also encounter porpoises on the tour.<\/p>\n\r\n\t\t<\/div>\r\n\t<div class=\"grve-empty-space grve-height-1x\" style=\"\"><\/div><div class=\"grve-element grve-align-left grve-animated-item grve-fade-in-right grve-duration-very-slow\" data-delay=\"1000\"><a href=\"https:\/\/biologenherdla.no\/en\/?page_id=148\" title=\"Accommodation\" class=\"grve-btn grve-btn-medium grve-square grve-bg-primary-1 grve-bg-hover-primary-1 grve-btn-line\"><span>Contact Us<\/span><\/a><\/div><\/div><\/div><\/div><\/div><\/div><div class=\"grve-background-wrapper\"><\/div><\/div>","protected":false},"excerpt":{"rendered":"\u00d8ygarden OpplevelserEt kystparadis fylt med spektakul\u00e6re opplevelser og uforglemmelige \u00f8yeblikk. RIB er en hurtigg\u00e5ende, trygg og sv\u00e6rt stabil farkost, som gir store muligheter for rask og effektiv transport. RIB kan [...]","protected":false},"author":124,"featured_media":961,"parent":0,"menu_order":0,"comment_status":"closed","ping_status":"closed","template":"","meta":{"footnotes":""},"class_list":["post-444","page","type-page","status-publish","has-post-thumbnail","hentry"],"yoast_head":"<!-- This site is optimized with the Yoast SEO plugin v27.3 - https:\/\/yoast.com\/product\/yoast-seo-wordpress\/ -->\n<title>\u00d8ygarden Opplevelser - Biologen Herdla<\/title>\n<meta name=\"robots\" content=\"index, follow, max-snippet:-1, max-image-preview:large, max-video-preview:-1\" \/>\n<link rel=\"canonical\" href=\"https:\/\/biologenherdla.no\/en\/oygarden-experiences\/\" \/>\n<meta property=\"og:locale\" content=\"en_US\" \/>\n<meta property=\"og:type\" content=\"article\" \/>\n<meta property=\"og:title\" content=\"\u00d8ygarden Opplevelser - Biologen Herdla\" \/>\n<meta property=\"og:url\" content=\"https:\/\/biologenherdla.no\/en\/oygarden-experiences\/\" \/>\n<meta property=\"og:site_name\" content=\"Biologen Herdla\" \/>\n<meta property=\"article:publisher\" content=\"https:\/\/www.facebook.com\/biologenherdla\" \/>\n<meta property=\"article:modified_time\" content=\"2025-04-02T11:34:50+00:00\" \/>\n<meta property=\"og:image\" content=\"https:\/\/biologenherdla.no\/wp-content\/uploads\/2025\/04\/Rib2-1024x683.png\" \/>\n\t<meta property=\"og:image:width\" content=\"1024\" \/>\n\t<meta property=\"og:image:height\" content=\"683\" \/>\n\t<meta property=\"og:image:type\" content=\"image\/png\" \/>\n<meta name=\"twitter:card\" content=\"summary_large_image\" \/>\n<meta name=\"twitter:label1\" content=\"Est. reading time\" \/>\n\t<meta name=\"twitter:data1\" content=\"2 minutes\" \/>\n<script type=\"application\/ld+json\" class=\"yoast-schema-graph\">{\"@context\":\"https:\\\/\\\/schema.org\",\"@graph\":[{\"@type\":\"WebPage\",\"@id\":\"https:\\\/\\\/biologenherdla.no\\\/oygarden-opplevelser\\\/\",\"url\":\"https:\\\/\\\/biologenherdla.no\\\/oygarden-opplevelser\\\/\",\"name\":\"\u00d8ygarden Opplevelser - Biologen Herdla\",\"isPartOf\":{\"@id\":\"https:\\\/\\\/biologenherdla.no\\\/#website\"},\"primaryImageOfPage\":{\"@id\":\"https:\\\/\\\/biologenherdla.no\\\/oygarden-opplevelser\\\/#primaryimage\"},\"image\":{\"@id\":\"https:\\\/\\\/biologenherdla.no\\\/oygarden-opplevelser\\\/#primaryimage\"},\"thumbnailUrl\":\"https:\\\/\\\/i0.wp.com\\\/biologenherdla.no\\\/wp-content\\\/uploads\\\/2025\\\/04\\\/Rib2.png?fit=1920%2C1280&ssl=1\",\"datePublished\":\"2024-08-06T12:44:31+00:00\",\"dateModified\":\"2025-04-02T11:34:50+00:00\",\"breadcrumb\":{\"@id\":\"https:\\\/\\\/biologenherdla.no\\\/oygarden-opplevelser\\\/#breadcrumb\"},\"inLanguage\":\"en-US\",\"potentialAction\":[{\"@type\":\"ReadAction\",\"target\":[\"https:\\\/\\\/biologenherdla.no\\\/oygarden-opplevelser\\\/\"]}]},{\"@type\":\"ImageObject\",\"inLanguage\":\"en-US\",\"@id\":\"https:\\\/\\\/biologenherdla.no\\\/oygarden-opplevelser\\\/#primaryimage\",\"url\":\"https:\\\/\\\/i0.wp.com\\\/biologenherdla.no\\\/wp-content\\\/uploads\\\/2025\\\/04\\\/Rib2.png?fit=1920%2C1280&ssl=1\",\"contentUrl\":\"https:\\\/\\\/i0.wp.com\\\/biologenherdla.no\\\/wp-content\\\/uploads\\\/2025\\\/04\\\/Rib2.png?fit=1920%2C1280&ssl=1\",\"width\":1920,\"height\":1280},{\"@type\":\"BreadcrumbList\",\"@id\":\"https:\\\/\\\/biologenherdla.no\\\/oygarden-opplevelser\\\/#breadcrumb\",\"itemListElement\":[{\"@type\":\"ListItem\",\"position\":1,\"name\":\"Home\",\"item\":\"https:\\\/\\\/biologenherdla.no\\\/\"},{\"@type\":\"ListItem\",\"position\":2,\"name\":\"\u00d8ygarden Opplevelser\"}]},{\"@type\":\"WebSite\",\"@id\":\"https:\\\/\\\/biologenherdla.no\\\/#website\",\"url\":\"https:\\\/\\\/biologenherdla.no\\\/\",\"name\":\"Biologen Herdla\",\"description\":\"Biologen Herdla\",\"publisher\":{\"@id\":\"https:\\\/\\\/biologenherdla.no\\\/#organization\"},\"potentialAction\":[{\"@type\":\"SearchAction\",\"target\":{\"@type\":\"EntryPoint\",\"urlTemplate\":\"https:\\\/\\\/biologenherdla.no\\\/?s={search_term_string}\"},\"query-input\":{\"@type\":\"PropertyValueSpecification\",\"valueRequired\":true,\"valueName\":\"search_term_string\"}}],\"inLanguage\":\"en-US\"},{\"@type\":\"Organization\",\"@id\":\"https:\\\/\\\/biologenherdla.no\\\/#organization\",\"name\":\"Biologen Herdla\",\"url\":\"https:\\\/\\\/biologenherdla.no\\\/\",\"logo\":{\"@type\":\"ImageObject\",\"inLanguage\":\"en-US\",\"@id\":\"https:\\\/\\\/biologenherdla.no\\\/#\\\/schema\\\/logo\\\/image\\\/\",\"url\":\"https:\\\/\\\/biologenherdla.no\\\/wp-content\\\/uploads\\\/2024\\\/08\\\/biologen-logo-kopper-rgb-1544px@72ppi.png\",\"contentUrl\":\"https:\\\/\\\/biologenherdla.no\\\/wp-content\\\/uploads\\\/2024\\\/08\\\/biologen-logo-kopper-rgb-1544px@72ppi.png\",\"width\":1544,\"height\":448,\"caption\":\"Biologen Herdla\"},\"image\":{\"@id\":\"https:\\\/\\\/biologenherdla.no\\\/#\\\/schema\\\/logo\\\/image\\\/\"},\"sameAs\":[\"https:\\\/\\\/www.facebook.com\\\/biologenherdla\",\"https:\\\/\\\/www.instagram.com\\\/biologenherdla\\\/\"]}]}<\/script>\n<!-- \/ Yoast SEO plugin. -->","yoast_head_json":{"title":"\u00d8ygarden Opplevelser - Biologen Herdla","robots":{"index":"index","follow":"follow","max-snippet":"max-snippet:-1","max-image-preview":"max-image-preview:large","max-video-preview":"max-video-preview:-1"},"canonical":"https:\/\/biologenherdla.no\/en\/oygarden-experiences\/","og_locale":"en_US","og_type":"article","og_title":"\u00d8ygarden Opplevelser - Biologen Herdla","og_url":"https:\/\/biologenherdla.no\/en\/oygarden-experiences\/","og_site_name":"Biologen Herdla","article_publisher":"https:\/\/www.facebook.com\/biologenherdla","article_modified_time":"2025-04-02T11:34:50+00:00","og_image":[{"width":1024,"height":683,"url":"https:\/\/biologenherdla.no\/wp-content\/uploads\/2025\/04\/Rib2-1024x683.png","type":"image\/png"}],"twitter_card":"summary_large_image","twitter_misc":{"Est. reading time":"2 minutes"},"schema":{"@context":"https:\/\/schema.org","@graph":[{"@type":"WebPage","@id":"https:\/\/biologenherdla.no\/oygarden-opplevelser\/","url":"https:\/\/biologenherdla.no\/oygarden-opplevelser\/","name":"\u00d8ygarden Opplevelser - Biologen Herdla","isPartOf":{"@id":"https:\/\/biologenherdla.no\/#website"},"primaryImageOfPage":{"@id":"https:\/\/biologenherdla.no\/oygarden-opplevelser\/#primaryimage"},"image":{"@id":"https:\/\/biologenherdla.no\/oygarden-opplevelser\/#primaryimage"},"thumbnailUrl":"https:\/\/i0.wp.com\/biologenherdla.no\/wp-content\/uploads\/2025\/04\/Rib2.png?fit=1920%2C1280&ssl=1","datePublished":"2024-08-06T12:44:31+00:00","dateModified":"2025-04-02T11:34:50+00:00","breadcrumb":{"@id":"https:\/\/biologenherdla.no\/oygarden-opplevelser\/#breadcrumb"},"inLanguage":"en-US","potentialAction":[{"@type":"ReadAction","target":["https:\/\/biologenherdla.no\/oygarden-opplevelser\/"]}]},{"@type":"ImageObject","inLanguage":"en-US","@id":"https:\/\/biologenherdla.no\/oygarden-opplevelser\/#primaryimage","url":"https:\/\/i0.wp.com\/biologenherdla.no\/wp-content\/uploads\/2025\/04\/Rib2.png?fit=1920%2C1280&ssl=1","contentUrl":"https:\/\/i0.wp.com\/biologenherdla.no\/wp-content\/uploads\/2025\/04\/Rib2.png?fit=1920%2C1280&ssl=1","width":1920,"height":1280},{"@type":"BreadcrumbList","@id":"https:\/\/biologenherdla.no\/oygarden-opplevelser\/#breadcrumb","itemListElement":[{"@type":"ListItem","position":1,"name":"Home","item":"https:\/\/biologenherdla.no\/"},{"@type":"ListItem","position":2,"name":"\u00d8ygarden Opplevelser"}]},{"@type":"WebSite","@id":"https:\/\/biologenherdla.no\/#website","url":"https:\/\/biologenherdla.no\/","name":"Biologen Herdla","description":"Biologen Herdla","publisher":{"@id":"https:\/\/biologenherdla.no\/#organization"},"potentialAction":[{"@type":"SearchAction","target":{"@type":"EntryPoint","urlTemplate":"https:\/\/biologenherdla.no\/?s={search_term_string}"},"query-input":{"@type":"PropertyValueSpecification","valueRequired":true,"valueName":"search_term_string"}}],"inLanguage":"en-US"},{"@type":"Organization","@id":"https:\/\/biologenherdla.no\/#organization","name":"Biologen Herdla","url":"https:\/\/biologenherdla.no\/","logo":{"@type":"ImageObject","inLanguage":"en-US","@id":"https:\/\/biologenherdla.no\/#\/schema\/logo\/image\/","url":"https:\/\/biologenherdla.no\/wp-content\/uploads\/2024\/08\/biologen-logo-kopper-rgb-1544px@72ppi.png","contentUrl":"https:\/\/biologenherdla.no\/wp-content\/uploads\/2024\/08\/biologen-logo-kopper-rgb-1544px@72ppi.png","width":1544,"height":448,"caption":"Biologen Herdla"},"image":{"@id":"https:\/\/biologenherdla.no\/#\/schema\/logo\/image\/"},"sameAs":["https:\/\/www.facebook.com\/biologenherdla","https:\/\/www.instagram.com\/biologenherdla\/"]}]}},"featured_image_src":"https:\/\/i0.wp.com\/biologenherdla.no\/wp-content\/uploads\/2025\/04\/Rib2.png?resize=600%2C400&ssl=1","featured_image_src_square":"https:\/\/i0.wp.com\/biologenherdla.no\/wp-content\/uploads\/2025\/04\/Rib2.png?resize=600%2C600&ssl=1","jetpack_sharing_enabled":true,"_links":{"self":[{"href":"https:\/\/biologenherdla.no\/en\/wp-json\/wp\/v2\/pages\/444","targetHints":{"allow":["GET"]}}],"collection":[{"href":"https:\/\/biologenherdla.no\/en\/wp-json\/wp\/v2\/pages"}],"about":[{"href":"https:\/\/biologenherdla.no\/en\/wp-json\/wp\/v2\/types\/page"}],"author":[{"embeddable":true,"href":"https:\/\/biologenherdla.no\/en\/wp-json\/wp\/v2\/users\/124"}],"replies":[{"embeddable":true,"href":"https:\/\/biologenherdla.no\/en\/wp-json\/wp\/v2\/comments?post=444"}],"version-history":[{"count":0,"href":"https:\/\/biologenherdla.no\/en\/wp-json\/wp\/v2\/pages\/444\/revisions"}],"wp:featuredmedia":[{"embeddable":true,"href":"https:\/\/biologenherdla.no\/en\/wp-json\/wp\/v2\/media\/961"}],"wp:attachment":[{"href":"https:\/\/biologenherdla.no\/en\/wp-json\/wp\/v2\/media?parent=444"}],"curies":[{"name":"wp","href":"https:\/\/api.w.org\/{rel}","templated":true}]}}