{"id":968,"date":"2025-05-05T06:44:54","date_gmt":"2025-05-05T06:44:54","guid":{"rendered":"https:\/\/biologenherdla.no\/?page_id=968"},"modified":"2026-04-08T09:47:28","modified_gmt":"2026-04-08T09:47:28","slug":"grillhutte","status":"publish","type":"page","link":"https:\/\/biologenherdla.no\/de\/grillhutte\/","title":{"rendered":"Die Grillh\u00fctte"},"content":{"rendered":"<div class=\"grve-section grve-row-section grve-fullwidth grve-bg-none grve-custom-height grve-middle-content\"  style=\"background-color:#f3f3f3;\"><div class=\"grve-container\"><div class=\"grve-row grve-bookmark grve-columns-gap-none\"><div class=\"grve-column wpb_column grve-column-1-2\" ><div class=\"grve-column-wrapper vc_custom_1751528729901\" ><\/div><\/div><div class=\"grve-column wpb_column grve-column-1-2 grve-parallax-effect\"  data-parallax-effect=\"vertical-parallax\" data-sensitive=\"low\" data-limit=\"1x\" data-invert=\"false\" data-tablet-portrait-parallax-effect=\"none\" data-mobile-parallax-effect=\"none\"><div class=\"grve-column-wrapper vc_custom_1724924230007 h400 grve-flex grve-flex-position-middle\" ><div class=\"grve-column-content\"><h1 class=\"grve-element grve-title grve-align-left grve-animated-item grve-duration-very-slow grve-fade-in-right grve-h1\" style=\"\" data-delay=\"200\"><span>Die Grillh\u00fctte<\/span><\/h1><h3 class=\"grve-element grve-title grve-align-left grve-animated-item grve-duration-very-slow grve-fade-in-right grve-h5\" style=\"\" data-delay=\"400\"><span>Opplev den varme stemningen i v\u00e5r grillhytte<\/span><\/h3><div class=\"grve-empty-space grve-height-1x\" style=\"\"><\/div><div class=\"grve-element grve-text grve-animated-item grve-fade-in-right grve-duration-very-slow\" data-delay=\"600\">\r\n\t\t\t<p class=\"\" data-start=\"219\" data-end=\"518\">Opplev den varme stemningen i v\u00e5r grillhytte som ligger idyllisk til, med utsikt til stranden og fjorden. Grillhytten kan reserveres av b\u00e5de hotellgjester og bes\u00f8kende. Enten du planlegger en kveld med venner, en hyggelig familieopplevelse eller et sosialt innslag under konferansen, er grillhytten et perfekt valg. Den er utstyrt for komfort og kos, og gir en unik ramme for uformelle m\u00f8ter, god mat og n\u00e6rhet til naturen. Her kan vi forberede mat fra grillen, noe i glasset, eller servere noe varmt etter et forfriskende bad. Med levende ild i<br \/>\nmidten er grillhytten er stedet for samv\u00e6r, stemning og hygge, og et naturlig samlingspunkt i forbindelse med ditt arrangement eller bes\u00f8k.<\/p>\n\r\n\t\t<\/div>\r\n\t<div class=\"grve-empty-space grve-height-1x\" style=\"\"><\/div><div class=\"grve-element grve-align-left grve-animated-item grve-fade-in-right grve-duration-very-slow\" data-delay=\"1000\"><a href=\"https:\/\/biologenherdla.no\/de\/kontaktieren-sie-uns\/\" title=\"Unterkunft\" class=\"grve-btn grve-btn-medium grve-square grve-bg-primary-1 grve-bg-hover-primary-1 grve-btn-line\"><span>Kontakt<\/span><\/a><\/div><\/div><\/div><\/div><\/div><\/div><div class=\"grve-background-wrapper\"><\/div><\/div>","protected":false},"excerpt":{"rendered":"GrillhyttenOpplev den varme stemningen i v\u00e5r grillhytte Opplev den varme stemningen i v\u00e5r grillhytte som ligger idyllisk til, med utsikt til stranden og fjorden. Grillhytten kan reserveres av b\u00e5de hotellgjester [...]","protected":false},"author":129,"featured_media":0,"parent":0,"menu_order":0,"comment_status":"closed","ping_status":"closed","template":"","meta":{"footnotes":""},"class_list":["post-968","page","type-page","status-publish","hentry"],"yoast_head":"<!-- This site is optimized with the Yoast SEO plugin v27.3 - https:\/\/yoast.com\/product\/yoast-seo-wordpress\/ -->\n<title>Grillhytten - Biologen Herdla<\/title>\n<meta name=\"robots\" content=\"index, follow, max-snippet:-1, max-image-preview:large, max-video-preview:-1\" \/>\n<link rel=\"canonical\" href=\"https:\/\/biologenherdla.no\/de\/grillhutte\/\" \/>\n<meta property=\"og:locale\" content=\"de_DE\" \/>\n<meta property=\"og:type\" content=\"article\" \/>\n<meta property=\"og:title\" content=\"Grillhytten - Biologen Herdla\" \/>\n<meta property=\"og:url\" content=\"https:\/\/biologenherdla.no\/de\/grillhutte\/\" \/>\n<meta property=\"og:site_name\" content=\"Biologen Herdla\" \/>\n<meta property=\"article:publisher\" content=\"https:\/\/www.facebook.com\/biologenherdla\" \/>\n<meta property=\"article:modified_time\" content=\"2026-04-08T09:47:28+00:00\" \/>\n<meta name=\"twitter:card\" content=\"summary_large_image\" \/>\n<meta name=\"twitter:label1\" content=\"Est. reading time\" \/>\n\t<meta name=\"twitter:data1\" content=\"1 Minute\" \/>\n<script type=\"application\/ld+json\" class=\"yoast-schema-graph\">{\"@context\":\"https:\\\/\\\/schema.org\",\"@graph\":[{\"@type\":\"WebPage\",\"@id\":\"https:\\\/\\\/biologenherdla.no\\\/grillhytten\\\/\",\"url\":\"https:\\\/\\\/biologenherdla.no\\\/grillhytten\\\/\",\"name\":\"Grillhytten - Biologen Herdla\",\"isPartOf\":{\"@id\":\"https:\\\/\\\/biologenherdla.no\\\/#website\"},\"datePublished\":\"2025-05-05T06:44:54+00:00\",\"dateModified\":\"2026-04-08T09:47:28+00:00\",\"breadcrumb\":{\"@id\":\"https:\\\/\\\/biologenherdla.no\\\/grillhytten\\\/#breadcrumb\"},\"inLanguage\":\"de-DE\",\"potentialAction\":[{\"@type\":\"ReadAction\",\"target\":[\"https:\\\/\\\/biologenherdla.no\\\/grillhytten\\\/\"]}]},{\"@type\":\"BreadcrumbList\",\"@id\":\"https:\\\/\\\/biologenherdla.no\\\/grillhytten\\\/#breadcrumb\",\"itemListElement\":[{\"@type\":\"ListItem\",\"position\":1,\"name\":\"Home\",\"item\":\"https:\\\/\\\/biologenherdla.no\\\/\"},{\"@type\":\"ListItem\",\"position\":2,\"name\":\"Grillhytten\"}]},{\"@type\":\"WebSite\",\"@id\":\"https:\\\/\\\/biologenherdla.no\\\/#website\",\"url\":\"https:\\\/\\\/biologenherdla.no\\\/\",\"name\":\"Biologen Herdla\",\"description\":\"Biologen Herdla\",\"publisher\":{\"@id\":\"https:\\\/\\\/biologenherdla.no\\\/#organization\"},\"potentialAction\":[{\"@type\":\"SearchAction\",\"target\":{\"@type\":\"EntryPoint\",\"urlTemplate\":\"https:\\\/\\\/biologenherdla.no\\\/?s={search_term_string}\"},\"query-input\":{\"@type\":\"PropertyValueSpecification\",\"valueRequired\":true,\"valueName\":\"search_term_string\"}}],\"inLanguage\":\"de-DE\"},{\"@type\":\"Organization\",\"@id\":\"https:\\\/\\\/biologenherdla.no\\\/#organization\",\"name\":\"Biologen Herdla\",\"url\":\"https:\\\/\\\/biologenherdla.no\\\/\",\"logo\":{\"@type\":\"ImageObject\",\"inLanguage\":\"de-DE\",\"@id\":\"https:\\\/\\\/biologenherdla.no\\\/#\\\/schema\\\/logo\\\/image\\\/\",\"url\":\"https:\\\/\\\/biologenherdla.no\\\/wp-content\\\/uploads\\\/2024\\\/08\\\/biologen-logo-kopper-rgb-1544px@72ppi.png\",\"contentUrl\":\"https:\\\/\\\/biologenherdla.no\\\/wp-content\\\/uploads\\\/2024\\\/08\\\/biologen-logo-kopper-rgb-1544px@72ppi.png\",\"width\":1544,\"height\":448,\"caption\":\"Biologen Herdla\"},\"image\":{\"@id\":\"https:\\\/\\\/biologenherdla.no\\\/#\\\/schema\\\/logo\\\/image\\\/\"},\"sameAs\":[\"https:\\\/\\\/www.facebook.com\\\/biologenherdla\",\"https:\\\/\\\/www.instagram.com\\\/biologenherdla\\\/\"]}]}<\/script>\n<!-- \/ Yoast SEO plugin. -->","yoast_head_json":{"title":"Die Grillh\u00fctte - Biologen Herdla","robots":{"index":"index","follow":"follow","max-snippet":"max-snippet:-1","max-image-preview":"max-image-preview:large","max-video-preview":"max-video-preview:-1"},"canonical":"https:\/\/biologenherdla.no\/de\/grillhutte\/","og_locale":"de_DE","og_type":"article","og_title":"Grillhytten - Biologen Herdla","og_url":"https:\/\/biologenherdla.no\/de\/grillhutte\/","og_site_name":"Biologen Herdla","article_publisher":"https:\/\/www.facebook.com\/biologenherdla","article_modified_time":"2026-04-08T09:47:28+00:00","twitter_card":"summary_large_image","twitter_misc":{"Est. reading time":"1 Minute"},"schema":{"@context":"https:\/\/schema.org","@graph":[{"@type":"WebPage","@id":"https:\/\/biologenherdla.no\/grillhytten\/","url":"https:\/\/biologenherdla.no\/grillhytten\/","name":"Die Grillh\u00fctte - Biologen Herdla","isPartOf":{"@id":"https:\/\/biologenherdla.no\/#website"},"datePublished":"2025-05-05T06:44:54+00:00","dateModified":"2026-04-08T09:47:28+00:00","breadcrumb":{"@id":"https:\/\/biologenherdla.no\/grillhytten\/#breadcrumb"},"inLanguage":"de-DE","potentialAction":[{"@type":"ReadAction","target":["https:\/\/biologenherdla.no\/grillhytten\/"]}]},{"@type":"BreadcrumbList","@id":"https:\/\/biologenherdla.no\/grillhytten\/#breadcrumb","itemListElement":[{"@type":"ListItem","position":1,"name":"Home","item":"https:\/\/biologenherdla.no\/"},{"@type":"ListItem","position":2,"name":"Grillhytten"}]},{"@type":"WebSite","@id":"https:\/\/biologenherdla.no\/#website","url":"https:\/\/biologenherdla.no\/","name":"Biologen Herdla","description":"Biologen Herdla","publisher":{"@id":"https:\/\/biologenherdla.no\/#organization"},"potentialAction":[{"@type":"SearchAction","target":{"@type":"EntryPoint","urlTemplate":"https:\/\/biologenherdla.no\/?s={search_term_string}"},"query-input":{"@type":"PropertyValueSpecification","valueRequired":true,"valueName":"search_term_string"}}],"inLanguage":"de-DE"},{"@type":"Organization","@id":"https:\/\/biologenherdla.no\/#organization","name":"Biologen Herdla","url":"https:\/\/biologenherdla.no\/","logo":{"@type":"ImageObject","inLanguage":"de-DE","@id":"https:\/\/biologenherdla.no\/#\/schema\/logo\/image\/","url":"https:\/\/biologenherdla.no\/wp-content\/uploads\/2024\/08\/biologen-logo-kopper-rgb-1544px@72ppi.png","contentUrl":"https:\/\/biologenherdla.no\/wp-content\/uploads\/2024\/08\/biologen-logo-kopper-rgb-1544px@72ppi.png","width":1544,"height":448,"caption":"Biologen Herdla"},"image":{"@id":"https:\/\/biologenherdla.no\/#\/schema\/logo\/image\/"},"sameAs":["https:\/\/www.facebook.com\/biologenherdla","https:\/\/www.instagram.com\/biologenherdla\/"]}]}},"featured_image_src":null,"featured_image_src_square":null,"jetpack_sharing_enabled":true,"_links":{"self":[{"href":"https:\/\/biologenherdla.no\/de\/wp-json\/wp\/v2\/pages\/968","targetHints":{"allow":["GET"]}}],"collection":[{"href":"https:\/\/biologenherdla.no\/de\/wp-json\/wp\/v2\/pages"}],"about":[{"href":"https:\/\/biologenherdla.no\/de\/wp-json\/wp\/v2\/types\/page"}],"author":[{"embeddable":true,"href":"https:\/\/biologenherdla.no\/de\/wp-json\/wp\/v2\/users\/129"}],"replies":[{"embeddable":true,"href":"https:\/\/biologenherdla.no\/de\/wp-json\/wp\/v2\/comments?post=968"}],"version-history":[{"count":0,"href":"https:\/\/biologenherdla.no\/de\/wp-json\/wp\/v2\/pages\/968\/revisions"}],"wp:attachment":[{"href":"https:\/\/biologenherdla.no\/de\/wp-json\/wp\/v2\/media?parent=968"}],"curies":[{"name":"wp","href":"https:\/\/api.w.org\/{rel}","templated":true}]}}