{"id":449,"date":"2024-08-06T12:48:42","date_gmt":"2024-08-06T12:48:42","guid":{"rendered":"https:\/\/biologenherdla.no\/?page_id=449"},"modified":"2025-02-05T14:54:42","modified_gmt":"2025-02-05T14:54:42","slug":"welle","status":"publish","type":"page","link":"https:\/\/biologenherdla.no\/de\/welle\/","title":{"rendered":"Golf"},"content":{"rendered":"<div class=\"grve-section grve-row-section grve-fullwidth grve-bg-none grve-custom-height grve-middle-content\"  style=\"background-color:#f3f3f3;\"><div class=\"grve-container\"><div class=\"grve-row grve-bookmark grve-columns-gap-none\"><div class=\"grve-column wpb_column grve-column-1-2\" ><div class=\"grve-column-wrapper vc_custom_1738767273595\" ><\/div><\/div><div class=\"grve-column wpb_column grve-column-1-2 grve-parallax-effect\"  data-parallax-effect=\"vertical-parallax\" data-sensitive=\"low\" data-limit=\"1x\" data-invert=\"false\" data-tablet-portrait-parallax-effect=\"none\" data-mobile-parallax-effect=\"none\"><div class=\"grve-column-wrapper vc_custom_1724924169467 h400 grve-flex grve-flex-position-middle\" ><div class=\"grve-column-content\"><h1 class=\"grve-element grve-title grve-align-left grve-animated-item grve-duration-very-slow grve-fade-in-right grve-h1\" style=\"\" data-delay=\"200\"><span>Golf<\/span><\/h1><h3 class=\"grve-element grve-title grve-align-left grve-animated-item grve-duration-very-slow grve-fade-in-right grve-h5\" style=\"\" data-delay=\"400\"><span>Wo die Sch\u00f6nheit der Natur auf au\u00dfergew\u00f6hnliche Herausforderungen auf dem Platz trifft.<\/span><\/h3><div class=\"grve-empty-space grve-height-1x\" style=\"\"><\/div><div class=\"grve-element grve-text grve-animated-item grve-fade-in-right grve-duration-very-slow\" data-delay=\"600\">\r\n\t\t\t<p>Der Golfplatz Herdla ist ein idyllischer Seaside-Course und liegt nur wenige Gehminuten von Biologen entfernt. Von allen L\u00f6chern hat man Meerblick \u2013 mit dem Hjeltefjord im Westen und dem Herdlefjord im S\u00fcden. Das lebhafte Vogelleben auf der Insel (236 registrierte Arten) ist unverkennbar, und es ist keine Seltenheit, dass ein Seeadler vorbeischaut, um zu pr\u00fcfen, ob es \u201eEagles in der Luft\u201c gibt. Auf dem Meer ziehen Kreuzfahrtschiffe auf ihrem Weg nach und von Bergen vorbei. Mit etwas Gl\u00fcck zeigt sich sogar ein Orca oder ein anderer Wal \u2026<\/p>\n<p class=\"translation-block\">Text von <a href=\"http:\/\/www.herdlagolf.no\/\" target=\"_self\">www.herdlagolf.no<\/a><\/p>\n\r\n\t\t<\/div>\r\n\t<div class=\"grve-empty-space grve-height-1x\" style=\"\"><\/div><div class=\"grve-element grve-align-left grve-animated-item grve-fade-in-right grve-duration-very-slow\" data-delay=\"800\"><a href=\"https:\/\/biologenherdla.no\/de\/?page_id=148\" title=\"Unterkunft\" class=\"grve-btn grve-btn-medium grve-square grve-bg-primary-1 grve-bg-hover-primary-1 grve-btn-line\"><span>Kontakt<\/span><\/a><\/div><\/div><\/div><\/div><\/div><\/div><div class=\"grve-background-wrapper\"><\/div><\/div>","protected":false},"excerpt":{"rendered":"GolfHvor naturens skj\u00f8nnhet m\u00f8ter enest\u00e5ende utfordringer p\u00e5 banen. Herdla Golfbane er en idyllisk seaside-course og ligger i gangavstand bra Biologen. Det er sj\u00f8utsikt fra samtlige hul. Hjeltefjorden i vest og [...]","protected":false},"author":124,"featured_media":0,"parent":0,"menu_order":0,"comment_status":"closed","ping_status":"closed","template":"","meta":{"footnotes":""},"class_list":["post-449","page","type-page","status-publish","hentry"],"yoast_head":"<!-- This site is optimized with the Yoast SEO plugin v27.3 - https:\/\/yoast.com\/product\/yoast-seo-wordpress\/ -->\n<title>Golf - Biologen Herdla<\/title>\n<meta name=\"robots\" content=\"index, follow, max-snippet:-1, max-image-preview:large, max-video-preview:-1\" \/>\n<link rel=\"canonical\" href=\"https:\/\/biologenherdla.no\/de\/welle\/\" \/>\n<meta property=\"og:locale\" content=\"de_DE\" \/>\n<meta property=\"og:type\" content=\"article\" \/>\n<meta property=\"og:title\" content=\"Golf - Biologen Herdla\" \/>\n<meta property=\"og:url\" content=\"https:\/\/biologenherdla.no\/de\/welle\/\" \/>\n<meta property=\"og:site_name\" content=\"Biologen Herdla\" \/>\n<meta property=\"article:publisher\" content=\"https:\/\/www.facebook.com\/biologenherdla\" \/>\n<meta property=\"article:modified_time\" content=\"2025-02-05T14:54:42+00:00\" \/>\n<meta name=\"twitter:card\" content=\"summary_large_image\" \/>\n<meta name=\"twitter:label1\" content=\"Est. reading time\" \/>\n\t<meta name=\"twitter:data1\" content=\"1 Minute\" \/>\n<script type=\"application\/ld+json\" class=\"yoast-schema-graph\">{\"@context\":\"https:\\\/\\\/schema.org\",\"@graph\":[{\"@type\":\"WebPage\",\"@id\":\"https:\\\/\\\/biologenherdla.no\\\/golf\\\/\",\"url\":\"https:\\\/\\\/biologenherdla.no\\\/golf\\\/\",\"name\":\"Golf - Biologen Herdla\",\"isPartOf\":{\"@id\":\"https:\\\/\\\/biologenherdla.no\\\/#website\"},\"datePublished\":\"2024-08-06T12:48:42+00:00\",\"dateModified\":\"2025-02-05T14:54:42+00:00\",\"breadcrumb\":{\"@id\":\"https:\\\/\\\/biologenherdla.no\\\/golf\\\/#breadcrumb\"},\"inLanguage\":\"de-DE\",\"potentialAction\":[{\"@type\":\"ReadAction\",\"target\":[\"https:\\\/\\\/biologenherdla.no\\\/golf\\\/\"]}]},{\"@type\":\"BreadcrumbList\",\"@id\":\"https:\\\/\\\/biologenherdla.no\\\/golf\\\/#breadcrumb\",\"itemListElement\":[{\"@type\":\"ListItem\",\"position\":1,\"name\":\"Home\",\"item\":\"https:\\\/\\\/biologenherdla.no\\\/\"},{\"@type\":\"ListItem\",\"position\":2,\"name\":\"Golf\"}]},{\"@type\":\"WebSite\",\"@id\":\"https:\\\/\\\/biologenherdla.no\\\/#website\",\"url\":\"https:\\\/\\\/biologenherdla.no\\\/\",\"name\":\"Biologen Herdla\",\"description\":\"Biologen Herdla\",\"publisher\":{\"@id\":\"https:\\\/\\\/biologenherdla.no\\\/#organization\"},\"potentialAction\":[{\"@type\":\"SearchAction\",\"target\":{\"@type\":\"EntryPoint\",\"urlTemplate\":\"https:\\\/\\\/biologenherdla.no\\\/?s={search_term_string}\"},\"query-input\":{\"@type\":\"PropertyValueSpecification\",\"valueRequired\":true,\"valueName\":\"search_term_string\"}}],\"inLanguage\":\"de-DE\"},{\"@type\":\"Organization\",\"@id\":\"https:\\\/\\\/biologenherdla.no\\\/#organization\",\"name\":\"Biologen Herdla\",\"url\":\"https:\\\/\\\/biologenherdla.no\\\/\",\"logo\":{\"@type\":\"ImageObject\",\"inLanguage\":\"de-DE\",\"@id\":\"https:\\\/\\\/biologenherdla.no\\\/#\\\/schema\\\/logo\\\/image\\\/\",\"url\":\"https:\\\/\\\/biologenherdla.no\\\/wp-content\\\/uploads\\\/2024\\\/08\\\/biologen-logo-kopper-rgb-1544px@72ppi.png\",\"contentUrl\":\"https:\\\/\\\/biologenherdla.no\\\/wp-content\\\/uploads\\\/2024\\\/08\\\/biologen-logo-kopper-rgb-1544px@72ppi.png\",\"width\":1544,\"height\":448,\"caption\":\"Biologen Herdla\"},\"image\":{\"@id\":\"https:\\\/\\\/biologenherdla.no\\\/#\\\/schema\\\/logo\\\/image\\\/\"},\"sameAs\":[\"https:\\\/\\\/www.facebook.com\\\/biologenherdla\",\"https:\\\/\\\/www.instagram.com\\\/biologenherdla\\\/\"]}]}<\/script>\n<!-- \/ Yoast SEO plugin. -->","yoast_head_json":{"title":"Golf - Biologen Herdla","robots":{"index":"index","follow":"follow","max-snippet":"max-snippet:-1","max-image-preview":"max-image-preview:large","max-video-preview":"max-video-preview:-1"},"canonical":"https:\/\/biologenherdla.no\/de\/welle\/","og_locale":"de_DE","og_type":"article","og_title":"Golf - Biologen Herdla","og_url":"https:\/\/biologenherdla.no\/de\/welle\/","og_site_name":"Biologen Herdla","article_publisher":"https:\/\/www.facebook.com\/biologenherdla","article_modified_time":"2025-02-05T14:54:42+00:00","twitter_card":"summary_large_image","twitter_misc":{"Est. reading time":"1 Minute"},"schema":{"@context":"https:\/\/schema.org","@graph":[{"@type":"WebPage","@id":"https:\/\/biologenherdla.no\/golf\/","url":"https:\/\/biologenherdla.no\/golf\/","name":"Golf - Biologen Herdla","isPartOf":{"@id":"https:\/\/biologenherdla.no\/#website"},"datePublished":"2024-08-06T12:48:42+00:00","dateModified":"2025-02-05T14:54:42+00:00","breadcrumb":{"@id":"https:\/\/biologenherdla.no\/golf\/#breadcrumb"},"inLanguage":"de-DE","potentialAction":[{"@type":"ReadAction","target":["https:\/\/biologenherdla.no\/golf\/"]}]},{"@type":"BreadcrumbList","@id":"https:\/\/biologenherdla.no\/golf\/#breadcrumb","itemListElement":[{"@type":"ListItem","position":1,"name":"Home","item":"https:\/\/biologenherdla.no\/"},{"@type":"ListItem","position":2,"name":"Golf"}]},{"@type":"WebSite","@id":"https:\/\/biologenherdla.no\/#website","url":"https:\/\/biologenherdla.no\/","name":"Biologen Herdla","description":"Biologen Herdla","publisher":{"@id":"https:\/\/biologenherdla.no\/#organization"},"potentialAction":[{"@type":"SearchAction","target":{"@type":"EntryPoint","urlTemplate":"https:\/\/biologenherdla.no\/?s={search_term_string}"},"query-input":{"@type":"PropertyValueSpecification","valueRequired":true,"valueName":"search_term_string"}}],"inLanguage":"de-DE"},{"@type":"Organization","@id":"https:\/\/biologenherdla.no\/#organization","name":"Biologen Herdla","url":"https:\/\/biologenherdla.no\/","logo":{"@type":"ImageObject","inLanguage":"de-DE","@id":"https:\/\/biologenherdla.no\/#\/schema\/logo\/image\/","url":"https:\/\/biologenherdla.no\/wp-content\/uploads\/2024\/08\/biologen-logo-kopper-rgb-1544px@72ppi.png","contentUrl":"https:\/\/biologenherdla.no\/wp-content\/uploads\/2024\/08\/biologen-logo-kopper-rgb-1544px@72ppi.png","width":1544,"height":448,"caption":"Biologen Herdla"},"image":{"@id":"https:\/\/biologenherdla.no\/#\/schema\/logo\/image\/"},"sameAs":["https:\/\/www.facebook.com\/biologenherdla","https:\/\/www.instagram.com\/biologenherdla\/"]}]}},"featured_image_src":null,"featured_image_src_square":null,"jetpack_sharing_enabled":true,"_links":{"self":[{"href":"https:\/\/biologenherdla.no\/de\/wp-json\/wp\/v2\/pages\/449","targetHints":{"allow":["GET"]}}],"collection":[{"href":"https:\/\/biologenherdla.no\/de\/wp-json\/wp\/v2\/pages"}],"about":[{"href":"https:\/\/biologenherdla.no\/de\/wp-json\/wp\/v2\/types\/page"}],"author":[{"embeddable":true,"href":"https:\/\/biologenherdla.no\/de\/wp-json\/wp\/v2\/users\/124"}],"replies":[{"embeddable":true,"href":"https:\/\/biologenherdla.no\/de\/wp-json\/wp\/v2\/comments?post=449"}],"version-history":[{"count":0,"href":"https:\/\/biologenherdla.no\/de\/wp-json\/wp\/v2\/pages\/449\/revisions"}],"wp:attachment":[{"href":"https:\/\/biologenherdla.no\/de\/wp-json\/wp\/v2\/media?parent=449"}],"curies":[{"name":"wp","href":"https:\/\/api.w.org\/{rel}","templated":true}]}}