{"id":446,"date":"2024-08-06T12:45:53","date_gmt":"2024-08-06T12:45:53","guid":{"rendered":"https:\/\/biologenherdla.no\/?page_id=446"},"modified":"2024-08-29T09:33:39","modified_gmt":"2024-08-29T09:33:39","slug":"zeichen","status":"publish","type":"page","link":"https:\/\/biologenherdla.no\/de\/zeichen\/","title":{"rendered":"Wanderungen"},"content":{"rendered":"<div class=\"grve-section grve-row-section grve-fullwidth grve-bg-none grve-custom-height grve-middle-content\"  style=\"background-color:#f3f3f3;\"><div class=\"grve-container\"><div class=\"grve-row grve-bookmark grve-columns-gap-none\"><div class=\"grve-column wpb_column grve-column-1-2\" ><div class=\"grve-column-wrapper vc_custom_1722948319835\" ><\/div><\/div><div class=\"grve-column wpb_column grve-column-1-2 grve-parallax-effect\"  data-parallax-effect=\"vertical-parallax\" data-sensitive=\"low\" data-limit=\"1x\" data-invert=\"false\" data-tablet-portrait-parallax-effect=\"none\" data-mobile-parallax-effect=\"none\"><div class=\"grve-column-wrapper vc_custom_1724924001300 h400 grve-flex grve-flex-position-middle\" ><div class=\"grve-column-content\"><h1 class=\"grve-element grve-title grve-align-left grve-animated-item grve-duration-very-slow grve-fade-in-right grve-h1\" style=\"\" data-delay=\"200\"><span>Wanderungen<\/span><\/h1><h3 class=\"grve-element grve-title grve-align-left grve-animated-item grve-duration-very-slow grve-fade-in-right grve-h5\" style=\"\" data-delay=\"400\"><span>Erkunden Sie Herdlas zahlreiche Wanderwege und Pfade \u2013 mit Biologen Herdla als Ihrer perfekten Basis.<\/span><\/h3><div class=\"grve-empty-space grve-height-1x\" style=\"\"><\/div><div class=\"grve-element grve-text grve-animated-item grve-fade-in-right grve-duration-very-slow\" data-delay=\"600\">\r\n\t\t\t<p>Die Insel Herdla ist etwas ganz Besonderes. Die kleine Mor\u00e4neninsel wurde vor etwa 12.500 Jahren durch Gletscher und Schmelzwasser geformt. Mit ihren langen Str\u00e4nden und weiten Fl\u00e4chen unterscheidet sich Herdla deutlich von der sonstigen K\u00fcstenlandschaft rund um Bergen. Hier befindet sich auch der gr\u00f6\u00dfte Bauernhof des ehemaligen Hordaland sowie das bedeutendste Vogelgebiet der Region. Insgesamt ist Herdla nur 1,6 km\u00b2 gro\u00df, sodass Sie Ihr Auto sicher parken und die gesamte Insel zu Fu\u00df erkunden k\u00f6nnen. Herdla war schon immer ein wichtiger Treffpunkt. Bereits im 12. Jahrhundert gab es hier einen K\u00f6nigshof, einen Adelssitz und eine Kirche. Bis 1963 war Herdla das Zentrum der gleichnamigen Gemeinde.<\/p>\n<p>Eine Befestigungsanlage aus der V\u00f6lkerwanderungszeit ist die \u00e4lteste Verteidigungsanlage auf der Insel. Die neueste ist ein Torpedobatterie, das bis ins Jahr 2000 in Betrieb war. Die meisten Spuren stammen jedoch aus dem Zweiten Weltkrieg, als die Insel eine wichtige deutsche Basis mit einem Jagdflugplatz und einer K\u00fcstenbefestigung war.<\/p>\n<p>Auf Herdla gibt es mehrere sch\u00f6ne Wanderm\u00f6glichkeiten, hier sind einige davon:<\/p>\n<ol>\n<li aria-level=\"1\">Besuchen Sie den Vogelturm auf Valen. Vom Turm aus k\u00f6nnen Sie Kiebitze, Enten, M\u00f6wen und vielleicht sogar einen Adler beobachten. Herdla ist ein R\u00fcckzugsort f\u00fcr V\u00f6gel, daher ist es wichtig, leise zu sein und darauf zu achten, wo Sie gehen. Achten Sie auf die Schilder, die angeben, wo Sie sich aufhalten d\u00fcrfen.<\/li>\n<li aria-level=\"1\">Begr\u00fc\u00dfen Sie eine Ziege! Auf Herdla Fort gibt es eine ganze Herde Ziegen. Sie lassen sich gerne streicheln, wenn Sie m\u00f6chten, aber bitte f\u00fcttern Sie sie nicht.<\/li>\n<li aria-level=\"1\">Gehen Sie auf Krabbenjagd! Auf Herdla gibt es viele sch\u00f6ne Str\u00e4nde, an denen Sie nach Krabben und Muscheln suchen k\u00f6nnen.<\/li>\n<li aria-level=\"1\">Lassen Sie einen Drachen steigen. Auf Herdla weht oft Wind, und es gibt au\u00dferdem viel Platz \u2013 beides ideal, um einen Drachen steigen zu lassen. Nutzen Sie die Wiese auf Herdla Fort, damit Sie weder die V\u00f6gel noch die K\u00fche st\u00f6ren.<\/li>\n<li aria-level=\"1\">Unternehmen Sie eine Paddeltour nach Skarv\u00f8y. Skarv\u00f8y ist eine spannende Insel mit Tunneln, Ruinen und Bunkern. Im Museum k\u00f6nnen Sie Kanus, Paddel und Schwimmwesten ausleihen. F\u00fcr diese Tour sollten Sie gutes Wetter abwarten, schwimmen k\u00f6nnen und von Erwachsenen begleitet werden.<\/li>\n<\/ol>\n<p>Wenn Sie einfach nur spazieren gehen m\u00f6chten, gibt es viele M\u00f6glichkeiten. Sie k\u00f6nnen entlang der Hauptstra\u00dfe gehen oder radeln, der Joggingstrecke folgen oder einen der Waldpfade erkunden.<\/p>\n\r\n\t\t<\/div>\r\n\t<div class=\"grve-empty-space grve-height-1x\" style=\"\"><\/div><div class=\"grve-element grve-align-left grve-animated-item grve-fade-in-right grve-duration-very-slow\" data-delay=\"800\"><a href=\"https:\/\/biologenherdla.no\/de\/?page_id=148\" title=\"Unterkunft\" class=\"grve-btn grve-btn-medium grve-square grve-bg-primary-1 grve-bg-hover-primary-1 grve-btn-line\"><span>Kontakt<\/span><\/a><\/div><\/div><\/div><\/div><\/div><\/div><div class=\"grve-background-wrapper\"><\/div><\/div>","protected":false},"excerpt":{"rendered":"G\u00e5turerUtforsk Herdlas mange turveier og stier med Biologen Herdla som din perfekte base. \u00d8yen Herdla er helt spesiell. Den vesle morene\u00f8yen ble skapt av breer og smeltevann for rundt 12 [...]","protected":false},"author":124,"featured_media":0,"parent":0,"menu_order":0,"comment_status":"closed","ping_status":"closed","template":"","meta":{"footnotes":""},"class_list":["post-446","page","type-page","status-publish","hentry"],"yoast_head":"<!-- This site is optimized with the Yoast SEO plugin v27.3 - https:\/\/yoast.com\/product\/yoast-seo-wordpress\/ -->\n<title>G\u00e5turer - Biologen Herdla<\/title>\n<meta name=\"robots\" content=\"index, follow, max-snippet:-1, max-image-preview:large, max-video-preview:-1\" \/>\n<link rel=\"canonical\" href=\"https:\/\/biologenherdla.no\/de\/zeichen\/\" \/>\n<meta property=\"og:locale\" content=\"de_DE\" \/>\n<meta property=\"og:type\" content=\"article\" \/>\n<meta property=\"og:title\" content=\"G\u00e5turer - Biologen Herdla\" \/>\n<meta property=\"og:url\" content=\"https:\/\/biologenherdla.no\/de\/zeichen\/\" \/>\n<meta property=\"og:site_name\" content=\"Biologen Herdla\" \/>\n<meta property=\"article:publisher\" content=\"https:\/\/www.facebook.com\/biologenherdla\" \/>\n<meta property=\"article:modified_time\" content=\"2024-08-29T09:33:39+00:00\" \/>\n<meta name=\"twitter:card\" content=\"summary_large_image\" \/>\n<meta name=\"twitter:label1\" content=\"Est. reading time\" \/>\n\t<meta name=\"twitter:data1\" content=\"3 Minuten\" \/>\n<script type=\"application\/ld+json\" class=\"yoast-schema-graph\">{\"@context\":\"https:\\\/\\\/schema.org\",\"@graph\":[{\"@type\":\"WebPage\",\"@id\":\"https:\\\/\\\/biologenherdla.no\\\/gaturer\\\/\",\"url\":\"https:\\\/\\\/biologenherdla.no\\\/gaturer\\\/\",\"name\":\"G\u00e5turer - Biologen Herdla\",\"isPartOf\":{\"@id\":\"https:\\\/\\\/biologenherdla.no\\\/#website\"},\"datePublished\":\"2024-08-06T12:45:53+00:00\",\"dateModified\":\"2024-08-29T09:33:39+00:00\",\"breadcrumb\":{\"@id\":\"https:\\\/\\\/biologenherdla.no\\\/gaturer\\\/#breadcrumb\"},\"inLanguage\":\"de-DE\",\"potentialAction\":[{\"@type\":\"ReadAction\",\"target\":[\"https:\\\/\\\/biologenherdla.no\\\/gaturer\\\/\"]}]},{\"@type\":\"BreadcrumbList\",\"@id\":\"https:\\\/\\\/biologenherdla.no\\\/gaturer\\\/#breadcrumb\",\"itemListElement\":[{\"@type\":\"ListItem\",\"position\":1,\"name\":\"Home\",\"item\":\"https:\\\/\\\/biologenherdla.no\\\/\"},{\"@type\":\"ListItem\",\"position\":2,\"name\":\"G\u00e5turer\"}]},{\"@type\":\"WebSite\",\"@id\":\"https:\\\/\\\/biologenherdla.no\\\/#website\",\"url\":\"https:\\\/\\\/biologenherdla.no\\\/\",\"name\":\"Biologen Herdla\",\"description\":\"Biologen Herdla\",\"publisher\":{\"@id\":\"https:\\\/\\\/biologenherdla.no\\\/#organization\"},\"potentialAction\":[{\"@type\":\"SearchAction\",\"target\":{\"@type\":\"EntryPoint\",\"urlTemplate\":\"https:\\\/\\\/biologenherdla.no\\\/?s={search_term_string}\"},\"query-input\":{\"@type\":\"PropertyValueSpecification\",\"valueRequired\":true,\"valueName\":\"search_term_string\"}}],\"inLanguage\":\"de-DE\"},{\"@type\":\"Organization\",\"@id\":\"https:\\\/\\\/biologenherdla.no\\\/#organization\",\"name\":\"Biologen Herdla\",\"url\":\"https:\\\/\\\/biologenherdla.no\\\/\",\"logo\":{\"@type\":\"ImageObject\",\"inLanguage\":\"de-DE\",\"@id\":\"https:\\\/\\\/biologenherdla.no\\\/#\\\/schema\\\/logo\\\/image\\\/\",\"url\":\"https:\\\/\\\/biologenherdla.no\\\/wp-content\\\/uploads\\\/2024\\\/08\\\/biologen-logo-kopper-rgb-1544px@72ppi.png\",\"contentUrl\":\"https:\\\/\\\/biologenherdla.no\\\/wp-content\\\/uploads\\\/2024\\\/08\\\/biologen-logo-kopper-rgb-1544px@72ppi.png\",\"width\":1544,\"height\":448,\"caption\":\"Biologen Herdla\"},\"image\":{\"@id\":\"https:\\\/\\\/biologenherdla.no\\\/#\\\/schema\\\/logo\\\/image\\\/\"},\"sameAs\":[\"https:\\\/\\\/www.facebook.com\\\/biologenherdla\",\"https:\\\/\\\/www.instagram.com\\\/biologenherdla\\\/\"]}]}<\/script>\n<!-- \/ Yoast SEO plugin. -->","yoast_head_json":{"title":"Wanderungen - Biologen Herdla","robots":{"index":"index","follow":"follow","max-snippet":"max-snippet:-1","max-image-preview":"max-image-preview:large","max-video-preview":"max-video-preview:-1"},"canonical":"https:\/\/biologenherdla.no\/de\/zeichen\/","og_locale":"de_DE","og_type":"article","og_title":"G\u00e5turer - Biologen Herdla","og_url":"https:\/\/biologenherdla.no\/de\/zeichen\/","og_site_name":"Biologen Herdla","article_publisher":"https:\/\/www.facebook.com\/biologenherdla","article_modified_time":"2024-08-29T09:33:39+00:00","twitter_card":"summary_large_image","twitter_misc":{"Est. reading time":"3 Minuten"},"schema":{"@context":"https:\/\/schema.org","@graph":[{"@type":"WebPage","@id":"https:\/\/biologenherdla.no\/gaturer\/","url":"https:\/\/biologenherdla.no\/gaturer\/","name":"Wanderungen - Biologen Herdla","isPartOf":{"@id":"https:\/\/biologenherdla.no\/#website"},"datePublished":"2024-08-06T12:45:53+00:00","dateModified":"2024-08-29T09:33:39+00:00","breadcrumb":{"@id":"https:\/\/biologenherdla.no\/gaturer\/#breadcrumb"},"inLanguage":"de-DE","potentialAction":[{"@type":"ReadAction","target":["https:\/\/biologenherdla.no\/gaturer\/"]}]},{"@type":"BreadcrumbList","@id":"https:\/\/biologenherdla.no\/gaturer\/#breadcrumb","itemListElement":[{"@type":"ListItem","position":1,"name":"Home","item":"https:\/\/biologenherdla.no\/"},{"@type":"ListItem","position":2,"name":"G\u00e5turer"}]},{"@type":"WebSite","@id":"https:\/\/biologenherdla.no\/#website","url":"https:\/\/biologenherdla.no\/","name":"Biologen Herdla","description":"Biologen Herdla","publisher":{"@id":"https:\/\/biologenherdla.no\/#organization"},"potentialAction":[{"@type":"SearchAction","target":{"@type":"EntryPoint","urlTemplate":"https:\/\/biologenherdla.no\/?s={search_term_string}"},"query-input":{"@type":"PropertyValueSpecification","valueRequired":true,"valueName":"search_term_string"}}],"inLanguage":"de-DE"},{"@type":"Organization","@id":"https:\/\/biologenherdla.no\/#organization","name":"Biologen Herdla","url":"https:\/\/biologenherdla.no\/","logo":{"@type":"ImageObject","inLanguage":"de-DE","@id":"https:\/\/biologenherdla.no\/#\/schema\/logo\/image\/","url":"https:\/\/biologenherdla.no\/wp-content\/uploads\/2024\/08\/biologen-logo-kopper-rgb-1544px@72ppi.png","contentUrl":"https:\/\/biologenherdla.no\/wp-content\/uploads\/2024\/08\/biologen-logo-kopper-rgb-1544px@72ppi.png","width":1544,"height":448,"caption":"Biologen Herdla"},"image":{"@id":"https:\/\/biologenherdla.no\/#\/schema\/logo\/image\/"},"sameAs":["https:\/\/www.facebook.com\/biologenherdla","https:\/\/www.instagram.com\/biologenherdla\/"]}]}},"featured_image_src":null,"featured_image_src_square":null,"jetpack_sharing_enabled":true,"_links":{"self":[{"href":"https:\/\/biologenherdla.no\/de\/wp-json\/wp\/v2\/pages\/446","targetHints":{"allow":["GET"]}}],"collection":[{"href":"https:\/\/biologenherdla.no\/de\/wp-json\/wp\/v2\/pages"}],"about":[{"href":"https:\/\/biologenherdla.no\/de\/wp-json\/wp\/v2\/types\/page"}],"author":[{"embeddable":true,"href":"https:\/\/biologenherdla.no\/de\/wp-json\/wp\/v2\/users\/124"}],"replies":[{"embeddable":true,"href":"https:\/\/biologenherdla.no\/de\/wp-json\/wp\/v2\/comments?post=446"}],"version-history":[{"count":0,"href":"https:\/\/biologenherdla.no\/de\/wp-json\/wp\/v2\/pages\/446\/revisions"}],"wp:attachment":[{"href":"https:\/\/biologenherdla.no\/de\/wp-json\/wp\/v2\/media?parent=446"}],"curies":[{"name":"wp","href":"https:\/\/api.w.org\/{rel}","templated":true}]}}