{"id":320,"date":"2024-08-04T16:21:14","date_gmt":"2024-08-04T16:21:14","guid":{"rendered":"https:\/\/biologenherdla.no\/?page_id=320"},"modified":"2025-12-01T14:17:38","modified_gmt":"2025-12-01T14:17:38","slug":"transportieren","status":"publish","type":"page","link":"https:\/\/biologenherdla.no\/de\/transportieren\/","title":{"rendered":"Transport"},"content":{"rendered":"<div class=\"grve-section grve-row-section grve-fullwidth grve-bg-none grve-custom-height grve-middle-content\"><div class=\"grve-container\"><div class=\"grve-row grve-bookmark grve-columns-gap-none\"><div class=\"grve-column wpb_column grve-column-1-2\" ><div class=\"grve-column-wrapper vc_custom_1732197325338 h400\" ><\/div><\/div><div class=\"grve-column wpb_column grve-column-1-2 grve-parallax-effect\"  data-parallax-effect=\"vertical-parallax\" data-sensitive=\"low\" data-limit=\"none\" data-invert=\"true\" data-tablet-portrait-parallax-effect=\"none\" data-mobile-parallax-effect=\"none\"><div class=\"grve-column-wrapper vc_custom_1723448699040\" ><h1 class=\"grve-element grve-title grve-align-left grve-animated-item grve-duration-very-slow grve-fade-in-right grve-h1\" style=\"\" data-delay=\"200\"><span>Ihr Weg nach Herdla<\/span><\/h1><h3 class=\"grve-element grve-title grve-align-left grve-animated-item grve-duration-very-slow grve-fade-in-right grve-h5\" style=\"\" data-delay=\"400\"><span>Biologen Herdla, wo moderner Komfort auf historischen Charme trifft.<\/span><\/h3><div class=\"grve-empty-space grve-height-1x\" style=\"\"><\/div><div class=\"grve-element grve-text grve-animated-item grve-fade-in-right grve-duration-very-slow\" data-delay=\"600\">\r\n\t\t\t<h6 data-start=\"61\" data-end=\"101\">Wichtige Informationen zur Herdlabroen:<\/h6>\n<p data-start=\"102\" data-end=\"410\">Die Herdlabroen ist die einzige Stra\u00dfenverbindung nach Herdla, daher ist es wichtig, die \u00d6ffnungszeiten zu beachten. Die Br\u00fccke ist von Sonntag bis Donnerstag um 23:15 Uhr f\u00fcr den Autoverkehr gesperrt, am Freitag um 02:30 Uhr, w\u00e4hrend sie am Samstag und Sonntag rund um die Uhr ge\u00f6ffnet bleibt. Diese Zeiten gelten von August 2025 bis Juli 2026.<\/p>\n\r\n\t\t<\/div>\r\n\t<div class=\"grve-empty-space grve-height-1x\" style=\"\"><\/div><\/div><\/div><\/div><\/div><div class=\"grve-background-wrapper\"><\/div><\/div><div class=\"grve-section grve-row-section grve-fullwidth grve-bg-none grve-custom-height grve-equal-column\"><div class=\"grve-container\"><div class=\"grve-row grve-bookmark grve-columns-gap-none\"><div class=\"grve-column wpb_column grve-column-1-2 grve-tablet-sm-column-hide grve-parallax-effect\"  data-parallax-effect=\"vertical-parallax\" data-sensitive=\"low\" data-limit=\"none\" data-invert=\"false\" data-tablet-portrait-parallax-effect=\"none\" data-mobile-parallax-effect=\"none\"><div class=\"grve-column-wrapper vc_custom_1724932888250 grve-flex grve-flex-position-middle\" ><div class=\"grve-column-content\"><style type=\"text\/css\">.grve-title-gradient.grve-title-69e9d65e942fd > span,.grve-title-gradient.grve-title-69e9d65e942fd .grve-clipping-content > span {color: #00556f;background-image: -moz-linear-gradient(-45deg, #00556f 0%, #00556f 100%);background-image: -webkit-linear-gradient(-45deg, #00556f 0%, #00556f 100%);background-image: linear-gradient(135deg, #00556f 0%, #00556f 100%);}<\/style><h2 class=\"grve-element grve-title grve-align-left grve-animated-item grve-duration-very-slow grve-fade-in-left grve-h2 grve-title-gradient grve-title-69e9d65e942fd\" style=\"\" data-delay=\"200\"><span>Mit dem Auto<\/span><\/h2><div class=\"grve-element grve-text grve-animated-item grve-fade-in-left grve-duration-very-slow\" data-delay=\"400\">\r\n\t\t\t<p>Die Fahrt nach Herdla dauert etwa 45 Minuten mit dem Auto vom Stadtzentrum Bergens. Folgen Sie der Rv 555 bis Storavatnet und biegen Sie dann in Richtung Ask\u00f8y ab. Nach etwa 27 Kilometern auf dem Fv 562 \u00fcberqueren Sie die Br\u00fccke zwischen Ask\u00f8y und Herdla. Folgen Sie der Fv 562 bis nach Biologen.<\/p>\n<p>Herdla liegt 45 Kilometer vom Flughafen Bergen Flesland entfernt. Verlassen Sie die Flughafenstra\u00dfe auf der Rv580, fahren Sie weiter auf den Fyllingsdalsveien, folgen Sie dem Sotraveien \u00fcber den Ask\u00f8ybroen und nehmen Sie dann die FV 562 bis nach Biologen.<\/p>\n<p>Das Hotel verf\u00fcgt \u00fcber Parkm\u00f6glichkeiten f\u00fcr G\u00e4ste.<\/p>\n\r\n\t\t<\/div>\r\n\t<\/div><\/div><\/div><div class=\"grve-column wpb_column grve-column-1-2 grve-tablet-sm-column-1-2\" ><div class=\"grve-column-wrapper vc_custom_1724932205678 h400\" ><\/div><\/div><\/div><\/div><div class=\"grve-background-wrapper\"><\/div><\/div><div class=\"grve-section grve-row-section grve-fullwidth grve-bg-none grve-custom-height grve-equal-column\"  style=\"background-color:#00556f;\"><div class=\"grve-container\"><div class=\"grve-row grve-bookmark grve-columns-gap-none\"><div class=\"grve-column wpb_column grve-column-1-2 grve-tablet-column-hide grve-tablet-sm-column-hide grve-mobile-column-hide\" ><div class=\"grve-column-wrapper vc_custom_1724932255263\" ><\/div><\/div><div class=\"grve-column wpb_column grve-column-1-2 grve-tablet-sm-column-hide grve-parallax-effect\"  data-parallax-effect=\"vertical-parallax\" data-sensitive=\"low\" data-limit=\"none\" data-invert=\"false\" data-tablet-portrait-parallax-effect=\"none\" data-mobile-parallax-effect=\"none\"><div class=\"grve-column-wrapper vc_custom_1724932881907 grve-flex grve-flex-position-middle\" ><div class=\"grve-column-content\"><style type=\"text\/css\">.grve-title-gradient.grve-title-69e9d65e94526 > span,.grve-title-gradient.grve-title-69e9d65e94526 .grve-clipping-content > span {color: #00556f;background-image: -moz-linear-gradient(-45deg, #00556f 0%, #00556f 100%);background-image: -webkit-linear-gradient(-45deg, #00556f 0%, #00556f 100%);background-image: linear-gradient(135deg, #00556f 0%, #00556f 100%);}<\/style><h2 class=\"grve-element grve-title grve-align-left grve-animated-item grve-duration-very-slow grve-fade-in-right grve-h2 grve-title-gradient grve-title-69e9d65e94526\" style=\"\" data-delay=\"200\"><span>Mit dem Bus<\/span><\/h2><div class=\"grve-element grve-text grve-animated-item grve-fade-in-right grve-duration-very-slow\" data-delay=\"200\">\r\n\t\t\t<p class=\"translation-block\">Sie k\u00f6nnen Herdla auch mit dem Bus Nr. 499 erreichen, der vom Busbahnhof abf\u00e4hrt. Die Fahrt dauert etwa eine Stunde. Der Einstieg erfolgt am Busbahnhof, Bahnsteig<strong> F<\/strong>, direkt neben der Stadtbahnlinie. Von der Endhaltestelle sind es nur 2 Minuten zu Fu\u00df bis zum Biologen<\/p>\n\r\n\t\t<\/div>\r\n\t<div class=\"grve-empty-space grve-height-1x\" style=\"\"><\/div><div class=\"grve-element grve-align-left grve-animated-item grve-fade-in-right grve-duration-very-slow\" data-delay=\"800\"><a href=\"https:\/\/reise.skyss.no\/planner\/travel-plans?timetype=DEPARTURE&#038;ts=2024-08-29T12:59:34Z&#038;service-modes=airportbus,bus,carferry,expressbus,others,passengerboat,train,tram&#038;min-transfer=2&#038;walk-speed=normal&#038;from=eyJkZXNjIjoiQmVyZ2VuIGJ1c3N0YXNqb24sIEJlcmdlbiIsImlkIjoiTlNSOlN0b3BQbGFjZTo2MjM1NiIsImxvYyI6IjYwLjM4ODEwNiw1LjMzNDYwOCIsIm1vZGVzIjpbIkJ1cyIsIkxpZ2h0IHJhaWwiLCJMaWdodCByYWlsIl0sInR5cGUiOiJzdG9wZ3JvdXAifQ%3D%3D&#038;to=eyJkZXNjIjoiSGVyZGxhLCBBc2vDuHkiLCJpZCI6Ik5TUjpTdG9wUGxhY2U6MzI4NTMiLCJsb2MiOiI2MC41NjU5NzEsNC45NTQzMTEiLCJtb2RlcyI6WyJCdXMiXSwidHlwZSI6InN0b3Bncm91cCJ9\" title=\"Unterkunft\" target=\"_blank\" rel=\"noopener noreferrer\" class=\"grve-btn grve-btn-medium grve-square grve-bg-primary-1 grve-bg-hover-primary-1 grve-btn-line\"><span>Siehe die Busroute<\/span><\/a><\/div><\/div><\/div><\/div><\/div><\/div><div class=\"grve-background-wrapper\"><\/div><\/div><div class=\"grve-section grve-row-section grve-fullwidth grve-bg-none grve-custom-height grve-equal-column\"><div class=\"grve-container\"><div class=\"grve-row grve-bookmark grve-columns-gap-none\"><div class=\"grve-column wpb_column grve-column-1-2 grve-tablet-sm-column-hide grve-parallax-effect\"  data-parallax-effect=\"vertical-parallax\" data-sensitive=\"low\" data-limit=\"none\" data-invert=\"false\" data-tablet-portrait-parallax-effect=\"none\" data-mobile-parallax-effect=\"none\"><div class=\"grve-column-wrapper vc_custom_1724932854193 grve-flex grve-flex-position-middle\" ><div class=\"grve-column-content\"><style type=\"text\/css\">.grve-title-gradient.grve-title-69e9d65e94733 > span,.grve-title-gradient.grve-title-69e9d65e94733 .grve-clipping-content > span {color: #00556f;background-image: -moz-linear-gradient(-45deg, #00556f 0%, #00556f 100%);background-image: -webkit-linear-gradient(-45deg, #00556f 0%, #00556f 100%);background-image: linear-gradient(135deg, #00556f 0%, #00556f 100%);}<\/style><h2 class=\"grve-element grve-title grve-align-left grve-animated-item grve-duration-very-slow grve-fade-in-left grve-h2 grve-title-gradient grve-title-69e9d65e94733\" style=\"\" data-delay=\"200\"><span>Mit dem Boot<\/span><\/h2><div class=\"grve-element grve-text grve-animated-item grve-fade-in-left grve-duration-very-slow\" data-delay=\"200\">\r\n\t\t\t<p>Vi har egen brygge hvor du kan legge til dersom du kommer med b\u00e5t. Bryggen stenges i vintersesong. Her er det en dybde p\u00e5 3 meter og hvor stor b\u00e5t som kan legge til avhenger av v\u00e6r og vind, ved flatt hav kan vi ta imot b\u00e5ter p\u00e5 opptil 80 fot. Det er ogs\u00e5 en offentlig kai i Herdlev\u00e5gen. Turen med b\u00e5t fra Bergen til Herdla tar ca en time.<\/p>\n<p>Wenn Sie viel Zeit haben, empfehlen wir Ihnen die Fahrt zu uns nach Veteranb\u00e5t, dann rechnen wir mit etwa 2 Stunden.<\/p>\n<p>Wir arbeiten mit \u00d8ygarden Opplevelser und Maritime Tours zusammen, die sowohl den Transport als auch verschiedene Aktivit\u00e4ten organisieren k\u00f6nnen.<\/p>\n\r\n\t\t<\/div>\r\n\t<\/div><\/div><\/div><div class=\"grve-column wpb_column grve-column-1-2 grve-tablet-sm-column-1-2\" ><div class=\"grve-column-wrapper vc_custom_1724932227262 h400\" ><\/div><\/div><\/div><\/div><div class=\"grve-background-wrapper\"><\/div><\/div>","protected":false},"excerpt":{"rendered":"Transport til HerdlaBiologen Herdla, hvor moderne komfort m\u00f8ter historisk sjarm. Viktig informasjon om Herdlabroen: Herdlabroen er den eneste veiforbindelsen til Herdla, og det er derfor viktig \u00e5 v\u00e6re oppmerksom p\u00e5 [...]","protected":false},"author":124,"featured_media":0,"parent":0,"menu_order":0,"comment_status":"closed","ping_status":"closed","template":"","meta":{"footnotes":""},"class_list":["post-320","page","type-page","status-publish","hentry"],"yoast_head":"<!-- This site is optimized with the Yoast SEO plugin v27.3 - https:\/\/yoast.com\/product\/yoast-seo-wordpress\/ -->\n<title>Transport - Biologen Herdla<\/title>\n<meta name=\"robots\" content=\"index, follow, max-snippet:-1, max-image-preview:large, max-video-preview:-1\" \/>\n<link rel=\"canonical\" href=\"https:\/\/biologenherdla.no\/de\/transportieren\/\" \/>\n<meta property=\"og:locale\" content=\"de_DE\" \/>\n<meta property=\"og:type\" content=\"article\" \/>\n<meta property=\"og:title\" content=\"Transport - Biologen Herdla\" \/>\n<meta property=\"og:url\" content=\"https:\/\/biologenherdla.no\/de\/transportieren\/\" \/>\n<meta property=\"og:site_name\" content=\"Biologen Herdla\" \/>\n<meta property=\"article:publisher\" content=\"https:\/\/www.facebook.com\/biologenherdla\" \/>\n<meta property=\"article:modified_time\" content=\"2025-12-01T14:17:38+00:00\" \/>\n<meta name=\"twitter:card\" content=\"summary_large_image\" \/>\n<meta name=\"twitter:label1\" content=\"Est. reading time\" \/>\n\t<meta name=\"twitter:data1\" content=\"3 Minuten\" \/>\n<script type=\"application\/ld+json\" class=\"yoast-schema-graph\">{\"@context\":\"https:\\\/\\\/schema.org\",\"@graph\":[{\"@type\":\"WebPage\",\"@id\":\"https:\\\/\\\/biologenherdla.no\\\/transport\\\/\",\"url\":\"https:\\\/\\\/biologenherdla.no\\\/transport\\\/\",\"name\":\"Transport - Biologen Herdla\",\"isPartOf\":{\"@id\":\"https:\\\/\\\/biologenherdla.no\\\/#website\"},\"datePublished\":\"2024-08-04T16:21:14+00:00\",\"dateModified\":\"2025-12-01T14:17:38+00:00\",\"breadcrumb\":{\"@id\":\"https:\\\/\\\/biologenherdla.no\\\/transport\\\/#breadcrumb\"},\"inLanguage\":\"de-DE\",\"potentialAction\":[{\"@type\":\"ReadAction\",\"target\":[\"https:\\\/\\\/biologenherdla.no\\\/transport\\\/\"]}]},{\"@type\":\"BreadcrumbList\",\"@id\":\"https:\\\/\\\/biologenherdla.no\\\/transport\\\/#breadcrumb\",\"itemListElement\":[{\"@type\":\"ListItem\",\"position\":1,\"name\":\"Home\",\"item\":\"https:\\\/\\\/biologenherdla.no\\\/\"},{\"@type\":\"ListItem\",\"position\":2,\"name\":\"Transport\"}]},{\"@type\":\"WebSite\",\"@id\":\"https:\\\/\\\/biologenherdla.no\\\/#website\",\"url\":\"https:\\\/\\\/biologenherdla.no\\\/\",\"name\":\"Biologen Herdla\",\"description\":\"Biologen Herdla\",\"publisher\":{\"@id\":\"https:\\\/\\\/biologenherdla.no\\\/#organization\"},\"potentialAction\":[{\"@type\":\"SearchAction\",\"target\":{\"@type\":\"EntryPoint\",\"urlTemplate\":\"https:\\\/\\\/biologenherdla.no\\\/?s={search_term_string}\"},\"query-input\":{\"@type\":\"PropertyValueSpecification\",\"valueRequired\":true,\"valueName\":\"search_term_string\"}}],\"inLanguage\":\"de-DE\"},{\"@type\":\"Organization\",\"@id\":\"https:\\\/\\\/biologenherdla.no\\\/#organization\",\"name\":\"Biologen Herdla\",\"url\":\"https:\\\/\\\/biologenherdla.no\\\/\",\"logo\":{\"@type\":\"ImageObject\",\"inLanguage\":\"de-DE\",\"@id\":\"https:\\\/\\\/biologenherdla.no\\\/#\\\/schema\\\/logo\\\/image\\\/\",\"url\":\"https:\\\/\\\/biologenherdla.no\\\/wp-content\\\/uploads\\\/2024\\\/08\\\/biologen-logo-kopper-rgb-1544px@72ppi.png\",\"contentUrl\":\"https:\\\/\\\/biologenherdla.no\\\/wp-content\\\/uploads\\\/2024\\\/08\\\/biologen-logo-kopper-rgb-1544px@72ppi.png\",\"width\":1544,\"height\":448,\"caption\":\"Biologen Herdla\"},\"image\":{\"@id\":\"https:\\\/\\\/biologenherdla.no\\\/#\\\/schema\\\/logo\\\/image\\\/\"},\"sameAs\":[\"https:\\\/\\\/www.facebook.com\\\/biologenherdla\",\"https:\\\/\\\/www.instagram.com\\\/biologenherdla\\\/\"]}]}<\/script>\n<!-- \/ Yoast SEO plugin. -->","yoast_head_json":{"title":"Transport - Biologen Herdla","robots":{"index":"index","follow":"follow","max-snippet":"max-snippet:-1","max-image-preview":"max-image-preview:large","max-video-preview":"max-video-preview:-1"},"canonical":"https:\/\/biologenherdla.no\/de\/transportieren\/","og_locale":"de_DE","og_type":"article","og_title":"Transport - Biologen Herdla","og_url":"https:\/\/biologenherdla.no\/de\/transportieren\/","og_site_name":"Biologen Herdla","article_publisher":"https:\/\/www.facebook.com\/biologenherdla","article_modified_time":"2025-12-01T14:17:38+00:00","twitter_card":"summary_large_image","twitter_misc":{"Est. reading time":"3 Minuten"},"schema":{"@context":"https:\/\/schema.org","@graph":[{"@type":"WebPage","@id":"https:\/\/biologenherdla.no\/transport\/","url":"https:\/\/biologenherdla.no\/transport\/","name":"Transport - Biologen Herdla","isPartOf":{"@id":"https:\/\/biologenherdla.no\/#website"},"datePublished":"2024-08-04T16:21:14+00:00","dateModified":"2025-12-01T14:17:38+00:00","breadcrumb":{"@id":"https:\/\/biologenherdla.no\/transport\/#breadcrumb"},"inLanguage":"de-DE","potentialAction":[{"@type":"ReadAction","target":["https:\/\/biologenherdla.no\/transport\/"]}]},{"@type":"BreadcrumbList","@id":"https:\/\/biologenherdla.no\/transport\/#breadcrumb","itemListElement":[{"@type":"ListItem","position":1,"name":"Home","item":"https:\/\/biologenherdla.no\/"},{"@type":"ListItem","position":2,"name":"Transport"}]},{"@type":"WebSite","@id":"https:\/\/biologenherdla.no\/#website","url":"https:\/\/biologenherdla.no\/","name":"Biologen Herdla","description":"Biologen Herdla","publisher":{"@id":"https:\/\/biologenherdla.no\/#organization"},"potentialAction":[{"@type":"SearchAction","target":{"@type":"EntryPoint","urlTemplate":"https:\/\/biologenherdla.no\/?s={search_term_string}"},"query-input":{"@type":"PropertyValueSpecification","valueRequired":true,"valueName":"search_term_string"}}],"inLanguage":"de-DE"},{"@type":"Organization","@id":"https:\/\/biologenherdla.no\/#organization","name":"Biologen Herdla","url":"https:\/\/biologenherdla.no\/","logo":{"@type":"ImageObject","inLanguage":"de-DE","@id":"https:\/\/biologenherdla.no\/#\/schema\/logo\/image\/","url":"https:\/\/biologenherdla.no\/wp-content\/uploads\/2024\/08\/biologen-logo-kopper-rgb-1544px@72ppi.png","contentUrl":"https:\/\/biologenherdla.no\/wp-content\/uploads\/2024\/08\/biologen-logo-kopper-rgb-1544px@72ppi.png","width":1544,"height":448,"caption":"Biologen Herdla"},"image":{"@id":"https:\/\/biologenherdla.no\/#\/schema\/logo\/image\/"},"sameAs":["https:\/\/www.facebook.com\/biologenherdla","https:\/\/www.instagram.com\/biologenherdla\/"]}]}},"featured_image_src":null,"featured_image_src_square":null,"jetpack_sharing_enabled":true,"_links":{"self":[{"href":"https:\/\/biologenherdla.no\/de\/wp-json\/wp\/v2\/pages\/320","targetHints":{"allow":["GET"]}}],"collection":[{"href":"https:\/\/biologenherdla.no\/de\/wp-json\/wp\/v2\/pages"}],"about":[{"href":"https:\/\/biologenherdla.no\/de\/wp-json\/wp\/v2\/types\/page"}],"author":[{"embeddable":true,"href":"https:\/\/biologenherdla.no\/de\/wp-json\/wp\/v2\/users\/124"}],"replies":[{"embeddable":true,"href":"https:\/\/biologenherdla.no\/de\/wp-json\/wp\/v2\/comments?post=320"}],"version-history":[{"count":0,"href":"https:\/\/biologenherdla.no\/de\/wp-json\/wp\/v2\/pages\/320\/revisions"}],"wp:attachment":[{"href":"https:\/\/biologenherdla.no\/de\/wp-json\/wp\/v2\/media?parent=320"}],"curies":[{"name":"wp","href":"https:\/\/api.w.org\/{rel}","templated":true}]}}