{"id":192,"date":"2024-07-15T09:45:11","date_gmt":"2024-07-15T09:45:11","guid":{"rendered":"https:\/\/biologenherdla.no\/?page_id=192"},"modified":"2024-08-27T09:25:44","modified_gmt":"2024-08-27T09:25:44","slug":"cookies","status":"publish","type":"page","link":"https:\/\/biologenherdla.no\/de\/cookies\/","title":{"rendered":"Informationen zu Cookies"},"content":{"rendered":"<div class=\"grve-section grve-row-section grve-fullwidth-background grve-padding-top-4x grve-padding-bottom-6x grve-bg-none\"  style=\"background-color:#f7f4f3;\"><div class=\"grve-container\"><div class=\"grve-row grve-bookmark grve-columns-gap-30\"><div class=\"grve-column wpb_column grve-column-1\" ><div class=\"grve-column-wrapper vc_custom_1724750743474\" ><style type=\"text\/css\">.grve-title-gradient.grve-title-69e9f057c5281 > span,.grve-title-gradient.grve-title-69e9f057c5281 .grve-clipping-content > span {color: #00556f;background-image: -moz-linear-gradient(-45deg, #00556f 0%, #00556f 100%);background-image: -webkit-linear-gradient(-45deg, #00556f 0%, #00556f 100%);background-image: linear-gradient(135deg, #00556f 0%, #00556f 100%);}<\/style><h1 class=\"grve-element grve-title grve-align-left grve-h1 grve-title-gradient grve-title-69e9f057c5281\" style=\"\"><span>Informationskapseln<\/span><\/h1><div class=\"grve-element grve-text\">\r\n\t\t\t<p>Cookies und \u00e4hnliche Technologien werden auf biologenherdla.no verwendet, um die Leistung der Website zu verbessern und den Besuchern ein besseres Nutzererlebnis zu bieten. In einigen F\u00e4llen werden Cookies auch verwendet, um die Interessen und Bed\u00fcrfnisse der Besucher besser zu verstehen, so dass die angebotenen Informationen auf sie zugeschnitten werden k\u00f6nnen.<\/p>\n<p>&nbsp;<\/p>\n<p>Der Datenschutz ist f\u00fcr uns sehr wichtig, und der Zweck dieser Richtlinie ist es zu zeigen, dass wir den Datenschutz ernst nehmen. Wenn Sie Fragen dazu haben, wie Ihre personenbezogenen Daten verarbeitet werden, k\u00f6nnen Sie unsere Datenschutzrichtlinie durchlesen\u00a0<a href=\"https:\/\/biologenherdla.no\/de\/personvern\/\">hier<\/a>. Nat\u00fcrlich k\u00f6nnen Sie sich auch direkt an uns wenden und wir werden Ihnen bei der Beantwortung Ihrer Fragen helfen. In diesem Fall k\u00f6nnen Sie eine E-Mail senden an\u00a0<a href=\"mailto:post@biologenherdla.no\">post@biologenherdla.no<\/a>.<\/p>\n<ol>\n<li>Anwendbare Parteien<\/li>\n<\/ol>\n<p>Die Cookie-Richtlinie auf biologenherdla.no gilt f\u00fcr die globale Organisation von Biologen Hotel at Herdla (im Folgenden als \"Biologen Hotel at Herdla\" oder \"wir\" bezeichnet), f\u00fcr alle Zwecke und Aktivit\u00e4ten in den geografischen Gebieten, in denen wir t\u00e4tig sind.<\/p>\n<p>Biologen hotell p\u00e5 Herdla ist der f\u00fcr die Datenverarbeitung Verantwortliche, der die von Ihnen auf unserer Website (im Folgenden \"biologenherdla.no\" genannt) zur Verf\u00fcgung gestellten pers\u00f6nlichen Daten sammelt und verarbeitet.<\/p>\n<ol start=\"2\">\n<li>Was ein Keks ist<\/li>\n<\/ol>\n<p>In dieser Richtlinie bezieht sich der Begriff \"Cookies\" auf Cookies und \u00e4hnliche Technologien.<\/p>\n<p>Ein Cookie ist eine kleine Textdatei, die von der Website, die Sie besuchen, auf Ihrem Computer, Mobiltelefon oder Tablet gespeichert wird. Die Datei enth\u00e4lt die Adresse der Website und die Codes, die Ihr Browser jedes Mal an diese Website zur\u00fccksendet, wenn Sie eine Seite dort besuchen. Ziel ist es, dass eine Website Ihr Ger\u00e4t erkennt und Informationen \u00fcber Ihre Vorlieben oder fr\u00fcheren Aktivit\u00e4ten speichert. Auf diese Weise kann Ihr Besuch an Ihre Bed\u00fcrfnisse angepasst werden, um Ihnen ein besseres Nutzererlebnis zu bieten.<\/p>\n<ol start=\"3\">\n<li>Von uns verwendete Cookies<\/li>\n<\/ol>\n<p>Es gibt verschiedene Arten von Cookies, und die, die auf biologenherdla.no verwendet werden, k\u00f6nnen sein:<\/p>\n<ul>\n<li><strong>Sitzungsabh\u00e4ngige Cookies:\u00a0<\/strong>Cookies, die automatisch gel\u00f6scht werden, wenn Sie Ihren Browser schlie\u00dfen. Sie verfallen nach jeder Sitzung\/jedem Besuch;<\/li>\n<li><strong>Fester Cookie:\u00a0<\/strong>Cookies, die nicht automatisch gel\u00f6scht werden, sondern bis zu einem bestimmten Verfallsdatum auf Ihrem Ger\u00e4t gespeichert bleiben. Sie k\u00f6nnen f\u00fcr eine Reihe von Zwecken verwendet werden, z. B. zur Erinnerung an Pr\u00e4ferenzen und Entscheidungen, die Sie auf no getroffen haben, oder f\u00fcr gezielte Werbung.<\/li>\n<li><strong>Cookies der ersten Partei<\/strong>: Eingestellt von biologenherdla.no, mit dem Ziel, Ihre Benutzererfahrung zu verbessern.<\/li>\n<li><strong>Cookies von Dritten<\/strong>: Von einer Website, die zu einer anderen Dom\u00e4ne als der von biologenherdla.no geh\u00f6rt, die in der Adressleiste des Browsers erscheint.<\/li>\n<\/ul>\n<ol start=\"4\">\n<li>Kategorisierung der verwendeten Cookies<\/li>\n<\/ol>\n<p>Die auf biologenherdla.no verwendeten Cookies werden wie folgt kategorisiert:<\/p>\n<p><strong>Erforderliche Cookies<\/strong><\/p>\n<p>Dazu geh\u00f6ren unbedingt notwendige Cookies, die f\u00fcr den Betrieb von biologenherdla.no ben\u00f6tigt werden. Diese sind oft notwendig, damit Sie sich auf biologenherdla.no bewegen k\u00f6nnen. Dar\u00fcber hinaus werden folgende Cookies verwendet\u00a0<strong>Funktionskapseln<\/strong>\u00a0die helfen, die Leistung und das Design von biologenherdla.no zu verbessern. Diese Cookies verbessern die Funktionalit\u00e4t und Personalisierung von biologenherdla.no und k\u00f6nnen von uns oder von Drittanbietern gesetzt werden (wenn deren Dienste zu unseren Seiten hinzugef\u00fcgt werden).<\/p>\n<p>Sie k\u00f6nnen Ihren Browser jederzeit dazu veranlassen, diese Cookies zu blockieren oder Sie dar\u00fcber zu informieren. Bitte beachten Sie jedoch, dass Sie in diesem Fall m\u00f6glicherweise nicht in der Lage sind, biologenherdla.no ganz oder teilweise zu nutzen. In einigen F\u00e4llen wird es nicht m\u00f6glich sein, Inhalte auf biologenherdla.no ohne Zustimmung zu solchen Cookies zu sehen.<\/p>\n<p><strong>Cookies f\u00fcr die Publikumsmessung<\/strong><\/p>\n<p>Dies sind Cookies, die es uns erm\u00f6glichen, wichtige Ereignisse wie die Anzahl der Besuche, die am h\u00e4ufigsten besuchten Seiten und die Navigationsmuster der Besucher auf der Website zu messen. Dies hilft uns unter anderem zu verstehen, welche Inhalte am beliebtesten sind, und soll eine bessere Benutzererfahrung f\u00fcr die Besucher von biologenherdla.no schaffen. Cookies zur Messung der Besucherzahlen beinhalten analytische Technologien und sind Informationen, die gesammelt werden k\u00f6nnen.<\/p>\n<p>Von Zeit zu Zeit k\u00f6nnen auch so genannte \"Web Beacons\" verwendet werden, d.h. Cookies, die die Anzahl der Besucher z\u00e4hlen, die zu biologenherdla.no kommen, nachdem sie ein Banner von Biologen hotell p\u00e5 Herdla auf einer Website eines Dritten gesehen haben. Diese Cookies werden nur zur Analyse der Wirksamkeit der Werbung verwendet und Ihre Daten werden nicht erfasst.<\/p>\n<p>F\u00fcr die Mehrzahl der Cookies ben\u00f6tigen wir Ihre Zustimmung. Sie k\u00f6nnen Ihre Zustimmung jederzeit erteilen oder zur\u00fcckziehen, aber denken Sie daran, dass wir ohne Ihre Zustimmung nicht in der Lage sind, biologenherdla.no. zu verbessern.<\/p>\n<p><strong>Gezielte Cookies<\/strong><\/p>\n<p>Diese werden von unseren Marketingpartnern auf biologenherdla.no installiert und dienen dazu, Ihnen relevante Werbung anzuzeigen, die Ihren Interessen und Vorlieben entspricht. Diese Cookies k\u00f6nnen Ihren spezifischen Browser und Ihr Ger\u00e4t identifizieren und Informationen \u00fcber Ihren Besuch auf biologenherdla.no sammeln. Zum Beispiel, auf welcher Website Sie unsere Werbung gesehen haben, ob Sie biologenherdla.no direkt oder indirekt besucht haben und welche Downloads vorgenommen wurden.<\/p>\n<p>Dar\u00fcber hinaus werden auf einigen Seiten von biologenherdla.no auch Cookies verwendet, die mit Drittanbietern von Daten kommunizieren. Die Idee dahinter ist, dass Werbung in Zukunft gezielter eingesetzt werden kann. Die gesammelten Daten sind unter anderem eine Zusammenfassung des Online-Verhaltens, der Demografie, des Lebensstils und des Produktinteresses.<\/p>\n<p>Um die meisten der oben genannten Cookies zu verwenden, ben\u00f6tigen wir Ihre Zustimmung. Sie k\u00f6nnen Ihre Zustimmung jederzeit erteilen und widerrufen.<\/p>\n<ol start=\"5\">\n<li>Auf biologenherdla.no verwendete Programme<\/li>\n<\/ol>\n<p>Weitere Informationen \u00fcber Cookies f\u00fcr die von uns verwendeten Programme finden Sie hier:<\/p>\n<div class=\"rbuc_checkbox_wrapper\">\n<p><label class=\"chslider\" for=\"\"><\/label><u>Erforderliche Cookies<\/u><\/p>\n<p><label class=\"chslider\" for=\"audience_cookies\"><\/label><u>Cookies f\u00fcr die Publikumsmessung:<\/u><\/p>\n<ul class=\"list-clasic\">\n<li><a href=\"https:\/\/developers.google.com\/analytics\/devguides\/collection\/analyticsjs\/cookie-usage\">Google Analytics<\/a><\/li>\n<li><a href=\"https:\/\/help.hotjar.com\/hc\/nb-NO\/articles\/115011789248-Hotjar-Cookies\">Hotjar<\/a><\/li>\n<li><a href=\"https:\/\/snap.com\/nb-NO\/cookie-policy\">Snap<\/a><\/li>\n<li><a href=\"https:\/\/www.tiktok.com\/legal\/cookie-policy\">TikTok<\/a><\/li>\n<\/ul>\n<p><label class=\"chslider\" for=\"targeted_cookies\"><\/label><u>Gezielte Cookies:<\/u><\/p>\n<ul class=\"list-clasic\">\n<li><a href=\"https:\/\/www.facebook.com\/policy\/cookies\/\">Facebook<\/a><\/li>\n<li><a href=\"https:\/\/policy.pinterest.com\/en\/cookies\/\">Pinterest<\/a><\/li>\n<li><a href=\"https:\/\/snap.com\/nb-NO\/cookie-policy\">Snap<\/a><\/li>\n<li><a href=\"https:\/\/www.tiktok.com\/legal\/cookie-policy\">TikTok<\/a><\/li>\n<\/ul>\n<\/div>\n<ol start=\"6\">\n<li>Wie lange werden die Cookies gespeichert?<\/li>\n<\/ol>\n<p>Dauerhafte Cookies werden f\u00fcr maximal 13 Monate auf Ihrem Ger\u00e4t gespeichert.<\/p>\n<ol start=\"7\">\n<li>Wie Sie Ihre Cookie-Pr\u00e4ferenzen auf biologenherdla.no anpassen k\u00f6nnen<\/li>\n<\/ol>\n<p><strong>Cookies akzeptieren und\/oder ablehnen<\/strong><\/p>\n<p>Wenn Sie biologenherdla.no zum ersten Mal mit einem neuen Ger\u00e4t besuchen, werden Sie gebeten, der Verwendung von Cookies zuzustimmen. Notwendige Cookies k\u00f6nnen Sie nicht ablehnen, aber zum Beispiel analytische Cookies und gezielte Cookies ben\u00f6tigen Ihre Zustimmung. Sie werden ein Pop-up-Fenster sehen, das Ihnen die M\u00f6glichkeit gibt, zu akzeptieren oder abzulehnen.<\/p>\n<p>Sie k\u00f6nnen auch jederzeit \u00c4nderungen vornehmen, indem Sie entweder<\/p>\n<ul>\n<li>Verwendung des \"Cookie Management Tools\"<\/li>\n<li>Einstellung Ihres Browsers zur automatischen Annahme oder Ablehnung von Cookies<\/li>\n<\/ul>\n<p>Denken Sie daran, dass Sie die Browser auf all Ihren verschiedenen Ger\u00e4ten konfigurieren m\u00fcssen, die m\u00f6glicherweise unterschiedliche M\u00f6glichkeiten haben, dies zu tun. Sie sollten sich auch bewusst sein, dass, wenn Sie der Verwendung von Cookies nicht zustimmen, viele Funktionen auf biologenherdla.no nicht mehr funktionieren k\u00f6nnen. Ihr Benutzererlebnis kann daher beeintr\u00e4chtigt sein.<\/p>\n<p><strong>Bestimmte Cookies deaktivieren<\/strong><\/p>\n<p>Sie k\u00f6nnen die Cookies von \"Google Analytics\" deaktivieren, indem Sie das entsprechende Modul herunterladen\u00a0<a href=\"https:\/\/tools.google.com\/dlpage\/gaoptout\/\">hier<\/a>.<\/p>\n<p>Sie k\u00f6nnen LinkedIn Insight Tag deaktivieren, indem Sie Ihre Benutzereinstellungen \u00e4ndern\u00a0<a href=\"https:\/\/www.linkedin.com\/psettings\/\">hier<\/a>.<\/p>\n<ol start=\"8\">\n<li>\u00c4nderungen an dieser Cookie-Richtlinie<\/li>\n<\/ol>\n<p>Falls erforderlich, kann Biologen hotell p\u00e5 Herdla \u00c4nderungen an dieser Cookie-Erkl\u00e4rung vornehmen. Diese Bedingungen werden sich wahrscheinlich mit dem Inkrafttreten der Allgemeinen Datenschutzverordnung \u00e4ndern. Es kann bis zu 30 Arbeitstage dauern, bis neue Datenschutzma\u00dfnahmen umgesetzt sind. Es wird daher empfohlen, dass Sie diese Seite regelm\u00e4\u00dfig besuchen, um keine \u00c4nderungen zu verpassen.<\/p>\n<ol start=\"9\">\n<li>Beschwerdef\u00fchrer<\/li>\n<\/ol>\n<p>Wenn Sie eine datenschutzbezogene Beschwerde gegen uns haben, k\u00f6nnen Sie eine E-Mail oder einen Brief gem\u00e4\u00df den internationalen Regeln f\u00fcr die Bearbeitung von Beschwerden und Anfragen senden. Sollten Sie mit den Antworten, die Sie erhalten, nicht zufrieden sein, k\u00f6nnen Sie sich an die zust\u00e4ndige h\u00f6here Beh\u00f6rde oder Justizbeh\u00f6rde wenden und um weitere Unterst\u00fctzung bitten.<\/p>\n<ol start=\"10\">\n<li>Kontakt zum Biologen-Hotel in Herdla<\/li>\n<\/ol>\n<p>Sollten Sie das Gef\u00fchl haben, dass Sie noch Fragen haben oder Informationen fehlen, kontaktieren Sie uns bitte. Wir beantworten gerne Ihre Fragen. Sie k\u00f6nnen eine E-Mail senden an\u00a0<a href=\"mailto:post@biologenherdla.no\">post@biologenherdla.no<\/a>.<\/p>\n\r\n\t\t<\/div>\r\n\t<\/div><\/div><\/div><\/div><div class=\"grve-background-wrapper\"><\/div><\/div>","protected":false},"excerpt":{"rendered":"Informajsonskapsler Informasjonskapsler (ogs\u00e5 kalt \u00abcookies\u00bb) og liknende teknologi benyttes p\u00e5 biologenherdla.no for \u00e5 forbedre sidens ytelse og deretter skape en bedre brukeropplevelse for bes\u00f8kende. I noen tilfelles benyttes ogs\u00e5 informasjonskapsler [...]","protected":false},"author":124,"featured_media":0,"parent":0,"menu_order":0,"comment_status":"closed","ping_status":"closed","template":"","meta":{"footnotes":""},"class_list":["post-192","page","type-page","status-publish","hentry"],"yoast_head":"<!-- This site is optimized with the Yoast SEO plugin v27.3 - https:\/\/yoast.com\/product\/yoast-seo-wordpress\/ -->\n<title>Informasjonskapsler - Biologen Herdla<\/title>\n<meta name=\"robots\" content=\"index, follow, max-snippet:-1, max-image-preview:large, max-video-preview:-1\" \/>\n<link rel=\"canonical\" href=\"https:\/\/biologenherdla.no\/de\/cookies\/\" \/>\n<meta property=\"og:locale\" content=\"de_DE\" \/>\n<meta property=\"og:type\" content=\"article\" \/>\n<meta property=\"og:title\" content=\"Informasjonskapsler - Biologen Herdla\" \/>\n<meta property=\"og:url\" content=\"https:\/\/biologenherdla.no\/de\/cookies\/\" \/>\n<meta property=\"og:site_name\" content=\"Biologen Herdla\" \/>\n<meta property=\"article:publisher\" content=\"https:\/\/www.facebook.com\/biologenherdla\" \/>\n<meta property=\"article:modified_time\" content=\"2024-08-27T09:25:44+00:00\" \/>\n<meta name=\"twitter:card\" content=\"summary_large_image\" \/>\n<meta name=\"twitter:label1\" content=\"Est. reading time\" \/>\n\t<meta name=\"twitter:data1\" content=\"7 Minuten\" \/>\n<script type=\"application\/ld+json\" class=\"yoast-schema-graph\">{\"@context\":\"https:\\\/\\\/schema.org\",\"@graph\":[{\"@type\":\"WebPage\",\"@id\":\"https:\\\/\\\/biologenherdla.no\\\/informasjonskapsler\\\/\",\"url\":\"https:\\\/\\\/biologenherdla.no\\\/informasjonskapsler\\\/\",\"name\":\"Informasjonskapsler - Biologen Herdla\",\"isPartOf\":{\"@id\":\"https:\\\/\\\/biologenherdla.no\\\/#website\"},\"datePublished\":\"2024-07-15T09:45:11+00:00\",\"dateModified\":\"2024-08-27T09:25:44+00:00\",\"breadcrumb\":{\"@id\":\"https:\\\/\\\/biologenherdla.no\\\/informasjonskapsler\\\/#breadcrumb\"},\"inLanguage\":\"de-DE\",\"potentialAction\":[{\"@type\":\"ReadAction\",\"target\":[\"https:\\\/\\\/biologenherdla.no\\\/informasjonskapsler\\\/\"]}]},{\"@type\":\"BreadcrumbList\",\"@id\":\"https:\\\/\\\/biologenherdla.no\\\/informasjonskapsler\\\/#breadcrumb\",\"itemListElement\":[{\"@type\":\"ListItem\",\"position\":1,\"name\":\"Home\",\"item\":\"https:\\\/\\\/biologenherdla.no\\\/\"},{\"@type\":\"ListItem\",\"position\":2,\"name\":\"Informasjonskapsler\"}]},{\"@type\":\"WebSite\",\"@id\":\"https:\\\/\\\/biologenherdla.no\\\/#website\",\"url\":\"https:\\\/\\\/biologenherdla.no\\\/\",\"name\":\"Biologen Herdla\",\"description\":\"Biologen Herdla\",\"publisher\":{\"@id\":\"https:\\\/\\\/biologenherdla.no\\\/#organization\"},\"potentialAction\":[{\"@type\":\"SearchAction\",\"target\":{\"@type\":\"EntryPoint\",\"urlTemplate\":\"https:\\\/\\\/biologenherdla.no\\\/?s={search_term_string}\"},\"query-input\":{\"@type\":\"PropertyValueSpecification\",\"valueRequired\":true,\"valueName\":\"search_term_string\"}}],\"inLanguage\":\"de-DE\"},{\"@type\":\"Organization\",\"@id\":\"https:\\\/\\\/biologenherdla.no\\\/#organization\",\"name\":\"Biologen Herdla\",\"url\":\"https:\\\/\\\/biologenherdla.no\\\/\",\"logo\":{\"@type\":\"ImageObject\",\"inLanguage\":\"de-DE\",\"@id\":\"https:\\\/\\\/biologenherdla.no\\\/#\\\/schema\\\/logo\\\/image\\\/\",\"url\":\"https:\\\/\\\/biologenherdla.no\\\/wp-content\\\/uploads\\\/2024\\\/08\\\/biologen-logo-kopper-rgb-1544px@72ppi.png\",\"contentUrl\":\"https:\\\/\\\/biologenherdla.no\\\/wp-content\\\/uploads\\\/2024\\\/08\\\/biologen-logo-kopper-rgb-1544px@72ppi.png\",\"width\":1544,\"height\":448,\"caption\":\"Biologen Herdla\"},\"image\":{\"@id\":\"https:\\\/\\\/biologenherdla.no\\\/#\\\/schema\\\/logo\\\/image\\\/\"},\"sameAs\":[\"https:\\\/\\\/www.facebook.com\\\/biologenherdla\",\"https:\\\/\\\/www.instagram.com\\\/biologenherdla\\\/\"]}]}<\/script>\n<!-- \/ Yoast SEO plugin. -->","yoast_head_json":{"title":"Kekse - Biologen Herdla","robots":{"index":"index","follow":"follow","max-snippet":"max-snippet:-1","max-image-preview":"max-image-preview:large","max-video-preview":"max-video-preview:-1"},"canonical":"https:\/\/biologenherdla.no\/de\/cookies\/","og_locale":"de_DE","og_type":"article","og_title":"Informasjonskapsler - Biologen Herdla","og_url":"https:\/\/biologenherdla.no\/de\/cookies\/","og_site_name":"Biologen Herdla","article_publisher":"https:\/\/www.facebook.com\/biologenherdla","article_modified_time":"2024-08-27T09:25:44+00:00","twitter_card":"summary_large_image","twitter_misc":{"Est. reading time":"7 Minuten"},"schema":{"@context":"https:\/\/schema.org","@graph":[{"@type":"WebPage","@id":"https:\/\/biologenherdla.no\/informasjonskapsler\/","url":"https:\/\/biologenherdla.no\/informasjonskapsler\/","name":"Kekse - Biologen Herdla","isPartOf":{"@id":"https:\/\/biologenherdla.no\/#website"},"datePublished":"2024-07-15T09:45:11+00:00","dateModified":"2024-08-27T09:25:44+00:00","breadcrumb":{"@id":"https:\/\/biologenherdla.no\/informasjonskapsler\/#breadcrumb"},"inLanguage":"de-DE","potentialAction":[{"@type":"ReadAction","target":["https:\/\/biologenherdla.no\/informasjonskapsler\/"]}]},{"@type":"BreadcrumbList","@id":"https:\/\/biologenherdla.no\/informasjonskapsler\/#breadcrumb","itemListElement":[{"@type":"ListItem","position":1,"name":"Home","item":"https:\/\/biologenherdla.no\/"},{"@type":"ListItem","position":2,"name":"Informasjonskapsler"}]},{"@type":"WebSite","@id":"https:\/\/biologenherdla.no\/#website","url":"https:\/\/biologenherdla.no\/","name":"Biologen Herdla","description":"Biologen Herdla","publisher":{"@id":"https:\/\/biologenherdla.no\/#organization"},"potentialAction":[{"@type":"SearchAction","target":{"@type":"EntryPoint","urlTemplate":"https:\/\/biologenherdla.no\/?s={search_term_string}"},"query-input":{"@type":"PropertyValueSpecification","valueRequired":true,"valueName":"search_term_string"}}],"inLanguage":"de-DE"},{"@type":"Organization","@id":"https:\/\/biologenherdla.no\/#organization","name":"Biologen Herdla","url":"https:\/\/biologenherdla.no\/","logo":{"@type":"ImageObject","inLanguage":"de-DE","@id":"https:\/\/biologenherdla.no\/#\/schema\/logo\/image\/","url":"https:\/\/biologenherdla.no\/wp-content\/uploads\/2024\/08\/biologen-logo-kopper-rgb-1544px@72ppi.png","contentUrl":"https:\/\/biologenherdla.no\/wp-content\/uploads\/2024\/08\/biologen-logo-kopper-rgb-1544px@72ppi.png","width":1544,"height":448,"caption":"Biologen Herdla"},"image":{"@id":"https:\/\/biologenherdla.no\/#\/schema\/logo\/image\/"},"sameAs":["https:\/\/www.facebook.com\/biologenherdla","https:\/\/www.instagram.com\/biologenherdla\/"]}]}},"featured_image_src":null,"featured_image_src_square":null,"jetpack_sharing_enabled":true,"_links":{"self":[{"href":"https:\/\/biologenherdla.no\/de\/wp-json\/wp\/v2\/pages\/192","targetHints":{"allow":["GET"]}}],"collection":[{"href":"https:\/\/biologenherdla.no\/de\/wp-json\/wp\/v2\/pages"}],"about":[{"href":"https:\/\/biologenherdla.no\/de\/wp-json\/wp\/v2\/types\/page"}],"author":[{"embeddable":true,"href":"https:\/\/biologenherdla.no\/de\/wp-json\/wp\/v2\/users\/124"}],"replies":[{"embeddable":true,"href":"https:\/\/biologenherdla.no\/de\/wp-json\/wp\/v2\/comments?post=192"}],"version-history":[{"count":0,"href":"https:\/\/biologenherdla.no\/de\/wp-json\/wp\/v2\/pages\/192\/revisions"}],"wp:attachment":[{"href":"https:\/\/biologenherdla.no\/de\/wp-json\/wp\/v2\/media?parent=192"}],"curies":[{"name":"wp","href":"https:\/\/api.w.org\/{rel}","templated":true}]}}